{"id":8,"date":"2025-12-26T21:40:02","date_gmt":"2025-12-26T20:40:02","guid":{"rendered":"https:\/\/homeday.webpremiere.de\/index.php\/warenkorb\/"},"modified":"2025-12-28T13:35:24","modified_gmt":"2025-12-28T12:35:24","slug":"warenkorb","status":"publish","type":"page","link":"https:\/\/homeday.webpremiere.de\/index.php\/warenkorb\/","title":{"rendered":"Warenkorb"},"content":{"rendered":"\n<div data-block-name=\"woocommerce\/cart\" class=\"wp-block-woocommerce-cart alignwide is-loading\">\n<div data-block-name=\"woocommerce\/filled-cart-block\" class=\"wp-block-woocommerce-filled-cart-block\">\n<div data-block-name=\"woocommerce\/cart-items-block\" class=\"wp-block-woocommerce-cart-items-block\">\n<div data-block-name=\"woocommerce\/cart-line-items-block\" class=\"wp-block-woocommerce-cart-line-items-block\"><\/div>\n\n\n<\/div>\n\n\n\n\n<div data-block-name=\"woocommerce\/cart-totals-block\" class=\"wp-block-woocommerce-cart-totals-block\">\n<div data-block-name=\"woocommerce\/cart-order-summary-block\" class=\"wp-block-woocommerce-cart-order-summary-block\">\n<div data-block-name=\"woocommerce\/cart-order-summary-heading-block\" class=\"wp-block-woocommerce-cart-order-summary-heading-block\"><\/div><div data-block-name=\"woocommerce\/cart-order-summary-coupon-form-block\" class=\"wp-block-woocommerce-cart-order-summary-coupon-form-block\"><\/div><div data-block-name=\"woocommerce\/cart-order-summary-totals-block\" class=\"wp-block-woocommerce-cart-order-summary-totals-block\">\n<div data-block-name=\"woocommerce\/cart-order-summary-subtotal-block\" class=\"wp-block-woocommerce-cart-order-summary-subtotal-block\"><\/div>\n<div data-block-name=\"woocommerce\/cart-order-summary-discount-block\" class=\"wp-block-woocommerce-cart-order-summary-discount-block\"><\/div>\n<div data-block-name=\"woocommerce\/cart-order-summary-fee-block\" class=\"wp-block-woocommerce-cart-order-summary-fee-block\"><\/div>\n<div data-block-name=\"woocommerce\/cart-order-summary-shipping-block\" class=\"wp-block-woocommerce-cart-order-summary-shipping-block\"><\/div>\n<div data-block-name=\"woocommerce\/cart-order-summary-taxes-block\" class=\"wp-block-woocommerce-cart-order-summary-taxes-block\"><\/div><\/div>\n<\/div>\n\n\n\n<div data-block-name=\"woocommerce\/cart-express-payment-block\" class=\"wp-block-woocommerce-cart-express-payment-block\"><\/div>\n\n\n\n<div data-block-name=\"woocommerce\/proceed-to-checkout-block\" class=\"wp-block-woocommerce-proceed-to-checkout-block\"><\/div>\n\n\n\n<div data-block-name=\"woocommerce\/cart-accepted-payment-methods-block\" class=\"wp-block-woocommerce-cart-accepted-payment-methods-block\"><\/div>\n<\/div>\n<\/div>\n\n\n\n<div data-block-name=\"woocommerce\/empty-cart-block\" class=\"wp-block-woocommerce-empty-cart-block\">\n<h2 class=\"wp-block-heading has-text-align-center with-empty-cart-icon wc-block-cart__empty-cart__title\">Dein Warenkorb ist gerade leer!<\/h2>\n\n\n\n<hr class=\"wp-block-separator has-alpha-channel-opacity is-style-dots\"\/>\n\n\n\n<h2 class=\"wp-block-heading has-text-align-center\">Neu im Shop<\/h2>\n\n\n<div data-block-name=\"woocommerce\/product-new\" data-columns=\"4\" data-rows=\"1\" class=\"wc-block-grid wp-block-product-new wp-block-woocommerce-product-new wc-block-product-new has-4-columns\"><ul class=\"wc-block-grid__products\"><li class=\"wc-block-grid__product\">\n\t\t\t\t<a href=\"https:\/\/homeday.webpremiere.de\/index.php\/produkt\/2er-garnitur-andreu-world-trenza-metall-sessel-schwarz\/\" class=\"wc-block-grid__product-link\">\n\t\t\t\t\t\n\t\t\t\t\t<div class=\"wc-block-grid__product-image\"><img loading=\"lazy\" decoding=\"async\" width=\"300\" height=\"300\" src=\"https:\/\/homeday.webpremiere.de\/wp-content\/uploads\/2026\/03\/httpsimg.kleinanzeigen.deapiv1prod-adsimagesbcbcc58327-8c4c-400b-a136-a42ba6fa817frule_59-300x300.jpg\" class=\"attachment-woocommerce_thumbnail size-woocommerce_thumbnail\" alt=\"2er Garnitur Andreu World Trenza Metall Sessel Schwarz\" srcset=\"https:\/\/homeday.webpremiere.de\/wp-content\/uploads\/2026\/03\/httpsimg.kleinanzeigen.deapiv1prod-adsimagesbcbcc58327-8c4c-400b-a136-a42ba6fa817frule_59-300x300.jpg 300w, https:\/\/homeday.webpremiere.de\/wp-content\/uploads\/2026\/03\/httpsimg.kleinanzeigen.deapiv1prod-adsimagesbcbcc58327-8c4c-400b-a136-a42ba6fa817frule_59-150x150.jpg 150w, https:\/\/homeday.webpremiere.de\/wp-content\/uploads\/2026\/03\/httpsimg.kleinanzeigen.deapiv1prod-adsimagesbcbcc58327-8c4c-400b-a136-a42ba6fa817frule_59-100x100.jpg 100w\" sizes=\"auto, (max-width: 300px) 100vw, 300px\" \/><\/div>\n\t\t\t\t\t<div class=\"wc-block-grid__product-title\">2er Garnitur Andreu World Trenza Metall Sessel Schwarz<\/div>\n\t\t\t\t<\/a>\n\t\t\t\t<div class=\"wc-block-grid__product-price price\"><span class=\"woocommerce-Price-amount amount\">1.398,00&nbsp;<span class=\"woocommerce-Price-currencySymbol\">&euro;<\/span><\/span><\/div>\n\t\t\t\t\n\t\t\t\t<div class=\"wp-block-button wc-block-grid__product-add-to-cart\"><a href=\"https:\/\/homeday.webpremiere.de\/index.php\/produkt\/2er-garnitur-andreu-world-trenza-metall-sessel-schwarz\/\" aria-label=\"Lese mehr \u00fcber &#8222;2er Garnitur Andreu World Trenza Metall Sessel Schwarz&#8220;\" data-quantity=\"1\" data-product_id=\"54446\" data-product_sku=\"\" data-price=\"1398\" rel=\"nofollow\" class=\"wp-block-button__link wp-element-button add_to_cart_button ajax_add_to_cart\">Zum Warenkorb hinzuf\u00fcgen<\/a><\/div>\n\t\t\t<\/li><li class=\"wc-block-grid__product\">\n\t\t\t\t<a href=\"https:\/\/homeday.webpremiere.de\/index.php\/produkt\/vintage-holz-sideboard-braun-mahagoni-englisches-sideboard-20\/\" class=\"wc-block-grid__product-link\">\n\t\t\t\t\t\n\t\t\t\t\t<div class=\"wc-block-grid__product-image\"><img loading=\"lazy\" decoding=\"async\" width=\"300\" height=\"300\" src=\"https:\/\/homeday.webpremiere.de\/wp-content\/uploads\/2026\/03\/httpsimg.kleinanzeigen.deapiv1prod-adsimages8c8c827604-6ef9-49b4-ba70-0f98154f305arule_59-300x300.jpg\" class=\"attachment-woocommerce_thumbnail size-woocommerce_thumbnail\" alt=\"Vintage Holz Sideboard Braun Mahagoni Englisches Sideboard 20.\" srcset=\"https:\/\/homeday.webpremiere.de\/wp-content\/uploads\/2026\/03\/httpsimg.kleinanzeigen.deapiv1prod-adsimages8c8c827604-6ef9-49b4-ba70-0f98154f305arule_59-300x300.jpg 300w, https:\/\/homeday.webpremiere.de\/wp-content\/uploads\/2026\/03\/httpsimg.kleinanzeigen.deapiv1prod-adsimages8c8c827604-6ef9-49b4-ba70-0f98154f305arule_59-150x150.jpg 150w, https:\/\/homeday.webpremiere.de\/wp-content\/uploads\/2026\/03\/httpsimg.kleinanzeigen.deapiv1prod-adsimages8c8c827604-6ef9-49b4-ba70-0f98154f305arule_59-100x100.jpg 100w\" sizes=\"auto, (max-width: 300px) 100vw, 300px\" \/><\/div>\n\t\t\t\t\t<div class=\"wc-block-grid__product-title\">Vintage Holz Sideboard Braun Mahagoni Englisches Sideboard 20.<\/div>\n\t\t\t\t<\/a>\n\t\t\t\t<div class=\"wc-block-grid__product-price price\"><span class=\"woocommerce-Price-amount amount\">1.469,00&nbsp;<span class=\"woocommerce-Price-currencySymbol\">&euro;<\/span><\/span><\/div>\n\t\t\t\t\n\t\t\t\t<div class=\"wp-block-button wc-block-grid__product-add-to-cart\"><a href=\"https:\/\/homeday.webpremiere.de\/index.php\/produkt\/vintage-holz-sideboard-braun-mahagoni-englisches-sideboard-20\/\" aria-label=\"Lese mehr \u00fcber &#8222;Vintage Holz Sideboard Braun Mahagoni Englisches Sideboard 20.&#8220;\" data-quantity=\"1\" data-product_id=\"54451\" data-product_sku=\"\" data-price=\"1469\" rel=\"nofollow\" class=\"wp-block-button__link wp-element-button add_to_cart_button ajax_add_to_cart\">Zum Warenkorb hinzuf\u00fcgen<\/a><\/div>\n\t\t\t<\/li><li class=\"wc-block-grid__product\">\n\t\t\t\t<a href=\"https:\/\/homeday.webpremiere.de\/index.php\/produkt\/laauser-leder-dreisitzer-gruen-gruengelb-sofa-couch-manuelle\/\" class=\"wc-block-grid__product-link\">\n\t\t\t\t\t\n\t\t\t\t\t<div class=\"wc-block-grid__product-image\"><img loading=\"lazy\" decoding=\"async\" width=\"300\" height=\"300\" src=\"https:\/\/homeday.webpremiere.de\/wp-content\/uploads\/2026\/03\/httpsimg.kleinanzeigen.deapiv1prod-adsimagese3e3141afb-f768-4181-9905-301087bea8a8rule_59-300x300.jpg\" class=\"attachment-woocommerce_thumbnail size-woocommerce_thumbnail\" alt=\"Laauser Leder Dreisitzer Gr\u00fcn Gr\u00fcngelb Sofa Couch manuelle\" srcset=\"https:\/\/homeday.webpremiere.de\/wp-content\/uploads\/2026\/03\/httpsimg.kleinanzeigen.deapiv1prod-adsimagese3e3141afb-f768-4181-9905-301087bea8a8rule_59-300x300.jpg 300w, https:\/\/homeday.webpremiere.de\/wp-content\/uploads\/2026\/03\/httpsimg.kleinanzeigen.deapiv1prod-adsimagese3e3141afb-f768-4181-9905-301087bea8a8rule_59-150x150.jpg 150w, https:\/\/homeday.webpremiere.de\/wp-content\/uploads\/2026\/03\/httpsimg.kleinanzeigen.deapiv1prod-adsimagese3e3141afb-f768-4181-9905-301087bea8a8rule_59-100x100.jpg 100w\" sizes=\"auto, (max-width: 300px) 100vw, 300px\" \/><\/div>\n\t\t\t\t\t<div class=\"wc-block-grid__product-title\">Laauser Leder Dreisitzer Gr\u00fcn Gr\u00fcngelb Sofa Couch manuelle<\/div>\n\t\t\t\t<\/a>\n\t\t\t\t<div class=\"wc-block-grid__product-price price\"><span class=\"woocommerce-Price-amount amount\">1.179,00&nbsp;<span class=\"woocommerce-Price-currencySymbol\">&euro;<\/span><\/span><\/div>\n\t\t\t\t\n\t\t\t\t<div class=\"wp-block-button wc-block-grid__product-add-to-cart\"><a href=\"https:\/\/homeday.webpremiere.de\/index.php\/produkt\/laauser-leder-dreisitzer-gruen-gruengelb-sofa-couch-manuelle\/\" aria-label=\"Lese mehr \u00fcber &#8222;Laauser Leder Dreisitzer Gr\u00fcn Gr\u00fcngelb Sofa Couch manuelle&#8220;\" data-quantity=\"1\" data-product_id=\"54447\" data-product_sku=\"\" data-price=\"1179\" rel=\"nofollow\" class=\"wp-block-button__link wp-element-button add_to_cart_button ajax_add_to_cart\">Zum Warenkorb hinzuf\u00fcgen<\/a><\/div>\n\t\t\t<\/li><li class=\"wc-block-grid__product\">\n\t\t\t\t<a href=\"https:\/\/homeday.webpremiere.de\/index.php\/produkt\/rolf-benz-6500-leder-dreisitzer-creme-sofa-couch-manuelle-%e2%9c%a8\/\" class=\"wc-block-grid__product-link\">\n\t\t\t\t\t\n\t\t\t\t\t<div class=\"wc-block-grid__product-image\"><img loading=\"lazy\" decoding=\"async\" width=\"300\" height=\"300\" src=\"https:\/\/homeday.webpremiere.de\/wp-content\/uploads\/2026\/03\/httpsimg.kleinanzeigen.deapiv1prod-adsimages979737c4b9-d7d3-49ed-b7a9-4bc1e91b305brule_59-300x300.jpg\" class=\"attachment-woocommerce_thumbnail size-woocommerce_thumbnail\" alt=\"Rolf Benz 6500 Leder Dreisitzer Creme Sofa Couch manuelle \u2728\" srcset=\"https:\/\/homeday.webpremiere.de\/wp-content\/uploads\/2026\/03\/httpsimg.kleinanzeigen.deapiv1prod-adsimages979737c4b9-d7d3-49ed-b7a9-4bc1e91b305brule_59-300x300.jpg 300w, https:\/\/homeday.webpremiere.de\/wp-content\/uploads\/2026\/03\/httpsimg.kleinanzeigen.deapiv1prod-adsimages979737c4b9-d7d3-49ed-b7a9-4bc1e91b305brule_59-150x150.jpg 150w, https:\/\/homeday.webpremiere.de\/wp-content\/uploads\/2026\/03\/httpsimg.kleinanzeigen.deapiv1prod-adsimages979737c4b9-d7d3-49ed-b7a9-4bc1e91b305brule_59-100x100.jpg 100w\" sizes=\"auto, (max-width: 300px) 100vw, 300px\" \/><\/div>\n\t\t\t\t\t<div class=\"wc-block-grid__product-title\">Rolf Benz 6500 Leder Dreisitzer Creme Sofa Couch manuelle \u2728<\/div>\n\t\t\t\t<\/a>\n\t\t\t\t<div class=\"wc-block-grid__product-price price\"><span class=\"woocommerce-Price-amount amount\">4.299,00&nbsp;<span class=\"woocommerce-Price-currencySymbol\">&euro;<\/span><\/span><\/div>\n\t\t\t\t\n\t\t\t\t<div class=\"wp-block-button wc-block-grid__product-add-to-cart\"><a href=\"https:\/\/homeday.webpremiere.de\/index.php\/produkt\/rolf-benz-6500-leder-dreisitzer-creme-sofa-couch-manuelle-%e2%9c%a8\/\" aria-label=\"Lese mehr \u00fcber &#8222;Rolf Benz 6500 Leder Dreisitzer Creme Sofa Couch manuelle \u2728&#8220;\" data-quantity=\"1\" data-product_id=\"54454\" data-product_sku=\"\" data-price=\"4299\" rel=\"nofollow\" class=\"wp-block-button__link wp-element-button add_to_cart_button ajax_add_to_cart\">Zum Warenkorb hinzuf\u00fcgen<\/a><\/div>\n\t\t\t<\/li><\/ul><\/div><\/div>\n<\/div>\n","protected":false},"excerpt":{"rendered":"","protected":false},"author":1,"featured_media":0,"parent":0,"menu_order":0,"comment_status":"closed","ping_status":"closed","template":"","meta":{"footnotes":""},"class_list":["post-8","page","type-page","status-publish","hentry"],"_links":{"self":[{"href":"https:\/\/homeday.webpremiere.de\/index.php\/wp-json\/wp\/v2\/pages\/8","targetHints":{"allow":["GET"]}}],"collection":[{"href":"https:\/\/homeday.webpremiere.de\/index.php\/wp-json\/wp\/v2\/pages"}],"about":[{"href":"https:\/\/homeday.webpremiere.de\/index.php\/wp-json\/wp\/v2\/types\/page"}],"author":[{"embeddable":true,"href":"https:\/\/homeday.webpremiere.de\/index.php\/wp-json\/wp\/v2\/users\/1"}],"replies":[{"embeddable":true,"href":"https:\/\/homeday.webpremiere.de\/index.php\/wp-json\/wp\/v2\/comments?post=8"}],"version-history":[{"count":1,"href":"https:\/\/homeday.webpremiere.de\/index.php\/wp-json\/wp\/v2\/pages\/8\/revisions"}],"predecessor-version":[{"id":12,"href":"https:\/\/homeday.webpremiere.de\/index.php\/wp-json\/wp\/v2\/pages\/8\/revisions\/12"}],"wp:attachment":[{"href":"https:\/\/homeday.webpremiere.de\/index.php\/wp-json\/wp\/v2\/media?parent=8"}],"curies":[{"name":"wp","href":"https:\/\/api.w.org\/{rel}","templated":true}]}}