{"id":45858,"date":"2026-04-20T15:06:00","date_gmt":"2026-04-20T13:06:00","guid":{"rendered":"https:\/\/homeday.webpremiere.de\/index.php\/produkt\/produkt\/"},"modified":"2026-04-21T21:17:19","modified_gmt":"2026-04-21T19:17:19","slug":"6er-garnitur-poltrona-frau-vittoria-leder-stuhl-creme","status":"publish","type":"product","link":"https:\/\/homeday.webpremiere.de\/index.php\/produkt\/6er-garnitur-poltrona-frau-vittoria-leder-stuhl-creme\/","title":{"rendered":"6er Garnitur Poltrona Frau Vittoria Leder Stuhl Creme"},"content":{"rendered":"<div>\n<p id=\"viewad-description-text\" class=\"ad-keydetails--ad-description\">Revive GmbH | Gebrauchte Designerm\u00f6bel \u2022 Aufbereitet \u2022 Nachhaltig \u2022 Sofort Verf\u00fcgbar<\/p>\n<p>Verf\u00fcgbar in: K\u00f6ln &#8211; L\u00f6venich<br \/>Online bestellen: www.revive.de\/products\/30258-c3<br \/>Artikelnummer: #30258-c3<\/p>\n<p>Wenn es um italienische Handwerkskunst und absolutes Prestige geht, f\u00fchrt kein Weg an Poltrona Frau vorbei. Diese 6er Garnitur des Modells Vittoria ist ein Paradebeispiel daf\u00fcr, wie man klassisches Design so perfektioniert, dass es auch nach Jahrzehnten noch modern und erhaben wirkt. Es ist die Art von Stuhl, die einen Raum nicht nur f\u00fcllt, sondern ihn aufwertet.Das cremefarbene Leder in Kombination mit den filigranen Holzbeinen strahlt eine Ruhe und Hochwertigkeit aus, die man bei gew\u00f6hnlichen Esszimmerst\u00fchlen vergeblich sucht.Der Vittoria Stuhl besticht durch seine markante Silhouette und die Liebe zum Detail, die man erst auf den zweiten Blick in ihrer vollen G\u00e4nze erfasst.Charakteristische R\u00fcckenlehne: Das Design-Highlight ist die elegant geschwungene R\u00fcckenlehne, die in einer sanften Volute (Schneckenform) endet \u2013 ein Zitat klassischer M\u00f6belkunst, das hier modern interpretiert wurde.Pelle Frau\u00ae Leder: Bezogen sind die St\u00fchle mit dem legend\u00e4ren Leder von Poltrona Frau. Es ist unglaublich geschmeidig, langlebig und in diesem hellen Cremeton besonders einladend.Massives Gestell: Die schlanken Beine aus hochwertigem Holz bieten einen warmen Kontrast zum hellen Leder und sorgen f\u00fcr eine standfeste, aber dennoch leichte Optik.Sitzkomfort: Dank der ergonomischen Form der hohen R\u00fcckenlehne sitzt man hier auch bei ausgiebigen Abendessen mit Freunden \u00fcber Stunden hinweg \u00e4u\u00dferst bequem.<\/p>\n<p>\u2022 Ma\u00dfe<br \/>Breite: 48cm<br \/>H\u00f6he: 98cm<br \/>Tiefe: 59cm<br \/>Sitzh\u00f6he: 46cm<br \/>Lehnenh\u00f6he: \/cm<br \/>Sitztiefe: 45cm<br \/>Sitzbreite: 48cm<br \/>R\u00fcckenlehnenh\u00f6he: 55cm<\/p>\n<p>\u2022 Artikelinformationen<br \/>Hersteller: Poltrona Frau<br \/>Modell: Vittoria<br \/>Designer:<br \/>Farbe: Creme<br \/>Material: Leder<br \/>Produktart: Stuhl &#8211; 6er Set<br \/>Nichtraucher-Haushalt: Ja<\/p>\n<p>\u2022 Lieferung bis in&#8217;s Wohnzimmer (bundesweit)<br \/>149 EUR<\/p>\n<p>Die Lieferung erfolgt durch zwei unserer Mitarbeiter bis zum gew\u00fcnschten Platz (inkl. Verpackungsentsorgung).<br \/>Alle Artikel werden von uns auf ihre Qualit\u00e4t gepr\u00fcft und sorgf\u00e4ltig verpackt.<br \/>Wir informieren dich 1-3 Tage vorab \u00fcber den konkreten Liefertermin.<br \/>Du ben\u00f6tigst eine Lieferung ins Ausland? Komm gerne auf uns zu und wir machen dir ein Angebot.<\/p>\n<p>\u2022 \u00dcber Revive<br \/>Mit unserer professionellen Aufbereitung schenken wir gebrauchten Designerm\u00f6beln ein neues Leben.<br \/>Unsere Produkte sind gegen\u00fcber dem Neupreis bereits stark reduziert \u2013 so erh\u00e4ltst du hochwertige Produkte zu einem unschlagbaren Preis. Zus\u00e4tzlich spenden wir 10% unseres Gewinns an gemeinn\u00fctzige Zwecke.<\/p>\n<p>\u2022 Deine Vorteile im \u00dcberblick<br \/>&#8211; Mehr als 1000 sofort verf\u00fcgbare Designerm\u00f6bel<br \/>&#8211; Top Preise<br \/>&#8211; Nachhaltig<br \/>&#8211; 2-Mann-Lieferung ins Zimmer deiner Wahl<br \/>&#8211; Kostenlose Montage<br \/>&#8211; 30 Tage R\u00fcckgaberecht<br \/>&#8211; 1 Jahr Gew\u00e4hrleistung<\/p>\n<p>\u2022 Showroom<br \/>Revive GmbH<br \/>Ottostr. 3<br \/>50859 K\u00f6ln &#8211; L\u00f6venich<br \/>Mo-Do: 13-18 Uhr, Fr-Sa: 10-18 Uhr<\/p>\n<p>\u2022 Kundenservice<br \/>Du hast eine Frage? Gerne steht dir unser Team telefonisch und per E-Mail zur Seite.<\/p>\n<p>Telefon: 0221 69 20 65 60<br \/>E-Mail: hier per Nachricht<\/p>\n<p>\u2022 H\u00e4ufig gestellte Fragen<\/p>\n<p>&gt;&gt; Auf den Fotos kann ich keine Gebrauchsspuren erkennen. Was bedeutet das?<br \/>Bei all unseren Produkten sind m\u00f6gliche Gebrauchsspuren eindeutig mit Detail-Fotos bebildert. Ist dies nicht der Fall, befindet sich der Artikel in einem sehr guten Zustand und weist keinerlei sichtbare M\u00e4ngel auf.<\/p>\n<p>&gt;&gt; K\u00f6nnen die Produkte besichtigt werden?<br \/>Ja, alle angebotenen Artikel haben wir vorr\u00e4tig, diese k\u00f6nnen gerne in unserem Showroom in K\u00f6ln-L\u00f6venich besichtigt werden.<br \/>Optional kannst du innerhalb unserer \u00d6ffnungszeiten (Mo-Do: 13-18 Uhr, Fr-Sa: 10-18 Uhr) einen pers\u00f6nlichen Termin auf revive.de\/products\/30258-c3 buchen.<\/p>\n<p>Alternativ bieten wir dir die M\u00f6glichkeit einer Online Videobesichtigung via WhatsApp.<br \/>Auf jeder Produktseite auf revive.de kannst du deinen Termin buchen.<br \/>Wir gehen auf deine individuellen W\u00fcnsche ein und bieten dir eine pers\u00f6nliche Beratung.<br \/>Die Produktseite f\u00fcr diese<\/p>\n<\/div>\n","protected":false},"excerpt":{"rendered":"<p>Revive GmbH | Gebrauchte Designerm\u00f6bel \u2022 Aufbereitet \u2022 Nachhaltig \u2022 Sofort Verf\u00fcgbar Verf\u00fcgbar in: K\u00f6ln &#8211; L\u00f6venich Online bestellen: www.revive.de\/products\/30258-c3 Artikelnummer: #30258-c3 Wenn es um italienische Handwerkskunst und absolutes Pr&#8230;<\/p>\n","protected":false},"featured_media":46941,"template":"","meta":[],"product_label":[],"product_brand":[],"product_cat":[15],"product_tag":[],"class_list":{"0":"post-45858","1":"product","2":"type-product","3":"status-publish","4":"has-post-thumbnail","6":"product_cat-unkategorisiert","8":"first","9":"instock","10":"shipping-taxable","11":"purchasable","12":"product-type-kleinanzeige"},"_links":{"self":[{"href":"https:\/\/homeday.webpremiere.de\/index.php\/wp-json\/wp\/v2\/product\/45858","targetHints":{"allow":["GET"]}}],"collection":[{"href":"https:\/\/homeday.webpremiere.de\/index.php\/wp-json\/wp\/v2\/product"}],"about":[{"href":"https:\/\/homeday.webpremiere.de\/index.php\/wp-json\/wp\/v2\/types\/product"}],"wp:featuredmedia":[{"embeddable":true,"href":"https:\/\/homeday.webpremiere.de\/index.php\/wp-json\/wp\/v2\/media\/46941"}],"wp:attachment":[{"href":"https:\/\/homeday.webpremiere.de\/index.php\/wp-json\/wp\/v2\/media?parent=45858"}],"wp:term":[{"taxonomy":"product_label","embeddable":true,"href":"https:\/\/homeday.webpremiere.de\/index.php\/wp-json\/wp\/v2\/product_label?post=45858"},{"taxonomy":"product_brand","embeddable":true,"href":"https:\/\/homeday.webpremiere.de\/index.php\/wp-json\/wp\/v2\/product_brand?post=45858"},{"taxonomy":"product_cat","embeddable":true,"href":"https:\/\/homeday.webpremiere.de\/index.php\/wp-json\/wp\/v2\/product_cat?post=45858"},{"taxonomy":"product_tag","embeddable":true,"href":"https:\/\/homeday.webpremiere.de\/index.php\/wp-json\/wp\/v2\/product_tag?post=45858"}],"curies":[{"name":"wp","href":"https:\/\/api.w.org\/{rel}","templated":true}]}}