{"id":45871,"date":"2026-04-20T15:02:00","date_gmt":"2026-04-20T13:02:00","guid":{"rendered":"https:\/\/homeday.webpremiere.de\/index.php\/produkt\/produkt\/"},"modified":"2026-04-21T21:18:11","modified_gmt":"2026-04-21T19:18:11","slug":"wk-wohnen-solo-699-leder-sessel-schwarz-manuelle-funktion-%e2%9c%a8","status":"publish","type":"product","link":"https:\/\/homeday.webpremiere.de\/index.php\/produkt\/wk-wohnen-solo-699-leder-sessel-schwarz-manuelle-funktion-%e2%9c%a8\/","title":{"rendered":"WK Wohnen Solo 699 Leder Sessel Schwarz manuelle Funktion \u2728"},"content":{"rendered":"<div>\n<p id=\"viewad-description-text\" class=\"ad-keydetails--ad-description\">Revive GmbH | Gebrauchte Designerm\u00f6bel \u2022 Professionell aufbereitet \u2022 Nachhaltig \u2022 Authentisch<\/p>\n<p>Nur online verf\u00fcgbar &#8211; Vorbestellung<br \/>Online bestellen: www.revive.de\/products\/26285-c4<br \/>Artikelnummer: #26285-c4<\/p>\n<p>Das Solo 699 Sofa von WK Wohnen ist mit einem schwarzen Echtleder bezogen und steht auf silbernen Metallf\u00fc\u00dfen. Das klassische Design und die praktische Relaxfunktion zeichnen ihn aus.<\/p>\n<p>\u2022 Ma\u00dfe<br \/>Breite: 82cm<br \/>H\u00f6he: 93cm<br \/>Tiefe: 95\/157cm<br \/>Sitzh\u00f6he: 38cm<br \/>Lehnenh\u00f6he: -cm<br \/>Sitztiefe: 61\/97cm<br \/>Sitzbreite: 56cm<br \/>R\u00fcckenlehnenh\u00f6he: 63cm<\/p>\n<p>\u2022 Artikelinformationen<br \/>Hersteller: WK Wohnen<br \/>Modell: Solo 699<br \/>Designer:<br \/>Farbe: Schwarz<br \/>Material: Leder<br \/>Produktart: Sessel<br \/>Nichtraucher-Haushalt: Ja<\/p>\n<p>\u2022 Lieferung bis in&#8217;s Wohnzimmer (bundesweit)<br \/>99 EUR<\/p>\n<p>Die Lieferung erfolgt durch zwei unserer Mitarbeiter bis zum gew\u00fcnschten Platz (inkl. Verpackungsentsorgung).<br \/>Alle Artikel werden von uns auf ihre Qualit\u00e4t gepr\u00fcft und sorgf\u00e4ltig verpackt.<br \/>Wir informieren dich 1-3 Tage vorab \u00fcber den konkreten Liefertermin.<br \/>Du ben\u00f6tigst eine Lieferung ins Ausland? Komm gerne auf uns zu und wir machen dir ein Angebot.<\/p>\n<p>\u2022 \u00dcber Revive<br \/>Mit unserer professionellen Aufbereitung schenken wir gebrauchten Designerm\u00f6beln ein neues Leben.<br \/>Unsere Produkte sind gegen\u00fcber dem Neupreis bereits stark reduziert \u2013 so erh\u00e4ltst du hochwertige Produkte zu einem unschlagbaren Preis. Zus\u00e4tzlich spenden wir 10% unseres Gewinns an gemeinn\u00fctzige Zwecke.<\/p>\n<p>\u2022 Deine Vorteile im \u00dcberblick<br \/>&#8211; Mehr als 1000 sofort verf\u00fcgbare Designerm\u00f6bel<br \/>&#8211; Top Preise<br \/>&#8211; Nachhaltig<br \/>&#8211; 2-Mann-Lieferung ins Zimmer deiner Wahl<br \/>&#8211; Kostenlose Montage<br \/>&#8211; 30 Tage R\u00fcckgaberecht<br \/>&#8211; 1 Jahr Gew\u00e4hrleistung<\/p>\n<p>\u2022 Showroom<br \/>Revive GmbH<br \/>Ottostra\u00dfe 3<br \/>50859 K\u00f6ln &#8211; L\u00f6venich<br \/>Vorbestellung &#8211; Besichtigung eingeschr\u00e4nkt m\u00f6glich, bitte vorher melden<\/p>\n<p>\u2022 Kundenservice<br \/>Du hast eine Frage? Gerne steht dir unser Team telefonisch und per E-Mail zur Seite.<\/p>\n<p>Telefon: 0221 69 20 65 60<br \/>E-Mail: hier per Nachricht<\/p>\n<p>\u2022 H\u00e4ufig gestellte Fragen<\/p>\n<p>&gt;&gt; Auf den Fotos kann ich keine Gebrauchsspuren erkennen. Was bedeutet das?<br \/>Bei all unseren Produkten sind m\u00f6gliche Gebrauchsspuren eindeutig mit Detail-Fotos bebildert. Ist dies nicht der Fall, befindet sich der Artikel in einem sehr guten Zustand und weist keinerlei sichtbare M\u00e4ngel auf.<\/p>\n<p>&gt;&gt; Kann dieses Produkt besichtigt werden?<br \/>Bei diesem Produkt handelt es sich um eine Vorbestellung mit einer Lieferzeit von 8-12 Wochen.<br \/>Eine Besichtigung ist m\u00f6glich, sobald das Produkt bei uns im Lager angekommen und aufbereitet wurde.<br \/>Optional kannst du einen pers\u00f6nlichen Termin zur Beratung auf revive.de\/products\/26285-c4 buchen.<br \/>Termine bieten wir sowohl vor Ort, als auch per Video an.<br \/>Wir gehen auf deine individuellen W\u00fcnsche ein und bieten dir eine pers\u00f6nliche Beratung.<\/p>\n<p>&gt;&gt; Ist der Preis verhandelbar?<br \/>Nein, denn unsere Produkte sind gegen\u00fcber dem Neupreis bereits stark reduziert \u2013 so erh\u00e4ltst du hochwertige Produkte zu einem unschlagbaren Preis.<br \/>M\u00f6gliche Gebrauchsspuren sind bereits mit einberechnet.<br \/>Alle unsere Preise werden von unseren Experten mit gro\u00dfer Sorgfalt gepr\u00fcft. Mittels Hersteller und Modell ist der Neupreis f\u00fcr dich jederzeit nachvollziehbar.<\/p>\n<p>&gt;&gt; Wie sind die Lieferzeiten?<br \/>8-12 Wochen (Das ist eine Vorbestellung)<br \/>Weltweit auf Anfrage<\/p>\n<p>(Bei Insellieferungen entstehen in der Regel Extrakosten)<\/p>\n<p>Wenn du eine spezielle Anfrage hast, wie z.B. ein enges Treppenhaus oder eine Zustellung per Au\u00dfenlift, kontaktier uns einfach. Wir finden eine passende L\u00f6sung f\u00fcr dich!<\/p>\n<p>&gt;&gt; Kauft ihr auch an?<br \/>Ja, unter www.revive.de\/ankauf machen wir dir gerne ein unverbindliches Angebot.<br \/>Wir bitten um Verst\u00e4ndnis, dass wir telefonische Anfragen in Bezug auf den Ankauf nicht bearbeiten k\u00f6nnen.<\/p>\n<p>Hast du weitere Fragen?<br \/>Unser Kundenservice-Team hilft dir gerne pers\u00f6nlich weiter.<br \/>Telefon: 0221 69 20 65 60<br \/>E-Mail: hier per Nachricht<\/p>\n<\/div>\n","protected":false},"excerpt":{"rendered":"<p>Revive GmbH | Gebrauchte Designerm\u00f6bel \u2022 Professionell aufbereitet \u2022 Nachhaltig \u2022 Authentisch Nur online verf\u00fcgbar &#8211; Vorbestellung Online bestellen: www.revive.de\/products\/26285-c4 Artikelnummer: #26285-c4 Das Solo 699 Sofa von WK Wohnen ist mit&#8230;<\/p>\n","protected":false},"featured_media":47025,"template":"","meta":[],"product_label":[],"product_brand":[],"product_cat":[15],"product_tag":[],"class_list":{"0":"post-45871","1":"product","2":"type-product","3":"status-publish","4":"has-post-thumbnail","6":"product_cat-unkategorisiert","8":"first","9":"instock","10":"shipping-taxable","11":"purchasable","12":"product-type-kleinanzeige"},"_links":{"self":[{"href":"https:\/\/homeday.webpremiere.de\/index.php\/wp-json\/wp\/v2\/product\/45871","targetHints":{"allow":["GET"]}}],"collection":[{"href":"https:\/\/homeday.webpremiere.de\/index.php\/wp-json\/wp\/v2\/product"}],"about":[{"href":"https:\/\/homeday.webpremiere.de\/index.php\/wp-json\/wp\/v2\/types\/product"}],"wp:featuredmedia":[{"embeddable":true,"href":"https:\/\/homeday.webpremiere.de\/index.php\/wp-json\/wp\/v2\/media\/47025"}],"wp:attachment":[{"href":"https:\/\/homeday.webpremiere.de\/index.php\/wp-json\/wp\/v2\/media?parent=45871"}],"wp:term":[{"taxonomy":"product_label","embeddable":true,"href":"https:\/\/homeday.webpremiere.de\/index.php\/wp-json\/wp\/v2\/product_label?post=45871"},{"taxonomy":"product_brand","embeddable":true,"href":"https:\/\/homeday.webpremiere.de\/index.php\/wp-json\/wp\/v2\/product_brand?post=45871"},{"taxonomy":"product_cat","embeddable":true,"href":"https:\/\/homeday.webpremiere.de\/index.php\/wp-json\/wp\/v2\/product_cat?post=45871"},{"taxonomy":"product_tag","embeddable":true,"href":"https:\/\/homeday.webpremiere.de\/index.php\/wp-json\/wp\/v2\/product_tag?post=45871"}],"curies":[{"name":"wp","href":"https:\/\/api.w.org\/{rel}","templated":true}]}}