{"id":46482,"date":"2026-04-20T08:06:00","date_gmt":"2026-04-20T06:06:00","guid":{"rendered":"https:\/\/homeday.webpremiere.de\/index.php\/produkt\/produkt\/"},"modified":"2026-04-21T21:28:51","modified_gmt":"2026-04-21T19:28:51","slug":"bolia-scandinavia-dreisitzer-hocker-stoff-sofa-oliv-gruen-couch","status":"publish","type":"product","link":"https:\/\/homeday.webpremiere.de\/index.php\/produkt\/bolia-scandinavia-dreisitzer-hocker-stoff-sofa-oliv-gruen-couch\/","title":{"rendered":"Bolia Scandinavia Dreisitzer Hocker Stoff Sofa Oliv Gr\u00fcn Couch"},"content":{"rendered":"<div>\n<p id=\"viewad-description-text\" class=\"ad-keydetails--ad-description\">Revive GmbH | Gebrauchte Designerm\u00f6bel \u2022 Aufbereitet \u2022 Nachhaltig \u2022 Sofort Verf\u00fcgbar<\/p>\n<p>Online bestellen: www.revive.de\/products\/30696<br \/>Artikelnummer: #30696 (1x 30436, 1x 30435)<\/p>\n<p>Dieses Set besteht aus dem Bolia Scandinavia Dreisitzer und dem dazugeh\u00f6rigen Hocker. Mit dieser Kombination holst du dir ein echtes Highlight f\u00fcr dein Wohnzimmer ins Haus, das nordische Design-Klassik mit einem sp\u00fcrbaren Extra an Gem\u00fctlichkeit verbindet. Das Sofa besticht durch seine klare, zeitlose Formsprache und den olivgr\u00fcnen Samtstoff, der dem Klassiker eine wunderbar weiche und moderne Optik verleiht. Die schwarzen Metallf\u00fc\u00dfe setzen dabei einen stimmigen Akzent zum olivgr\u00fcnen Bezug und lassen die gesamte Garnitur angenehm leicht im Raum wirken.Was uns an diesem Entwurf besonders fasziniert, ist das Zusammenspiel aus der \u00c4sthetik der Scandinavia-Serie und der haptischen Qualit\u00e4t des samtigen Stoffs. Durch den passenden Hocker gewinnst du nicht nur eine flexible zus\u00e4tzliche Sitzgelegenheit, sondern kannst auch ganz entspannt die Beine hochlegen und den hohen Komfort der hochwertigen Polsterung voll auskosten. Die olivgr\u00fcne Farbe sorgt zudem f\u00fcr ein lebendiges Lichtspiel auf der Oberfl\u00e4che und macht dieses Set zum absoluten Herzst\u00fcck deiner Einrichtung.<\/p>\n<p>\u2022 Ma\u00dfe<br \/>Breite: 216cm<br \/>H\u00f6he: 82cm<br \/>Tiefe: 90cm<br \/>Sitzh\u00f6he: 43cm<br \/>Lehnenh\u00f6he: 60cm<br \/>Sitztiefe: 59cm<br \/>Sitzbreite: 160cm<br \/>R\u00fcckenlehnenh\u00f6he: 40cm<\/p>\n<p>\u2022 Artikelinformationen<br \/>Hersteller: Bolia<br \/>Modell: Scandinavia<br \/>Designer:<br \/>Farbe: Gr\u00fcn<br \/>Material: Stoff<br \/>Produktart: Dreisitzer<br \/>Nichtraucher-Haushalt: Ja<\/p>\n<p>\u2022 Lieferung bis in&#8217;s Wohnzimmer (bundesweit)<br \/>149 EUR<\/p>\n<p>Die Lieferung erfolgt durch zwei unserer Mitarbeiter bis zum gew\u00fcnschten Platz (inkl. Verpackungsentsorgung).<br \/>Alle Artikel werden von uns auf ihre Qualit\u00e4t gepr\u00fcft und sorgf\u00e4ltig verpackt.<br \/>Wir informieren dich 1-3 Tage vorab \u00fcber den konkreten Liefertermin.<br \/>Du ben\u00f6tigst eine Lieferung ins Ausland? Komm gerne auf uns zu und wir machen dir ein Angebot.<\/p>\n<p>\u2022 \u00dcber Revive<br \/>Mit unserer professionellen Aufbereitung schenken wir gebrauchten Designerm\u00f6beln ein neues Leben.<br \/>Unsere Produkte sind gegen\u00fcber dem Neupreis bereits stark reduziert \u2013 so erh\u00e4ltst du hochwertige Produkte zu einem unschlagbaren Preis. Zus\u00e4tzlich spenden wir 10% unseres Gewinns an gemeinn\u00fctzige Zwecke.<\/p>\n<p>\u2022 Deine Vorteile im \u00dcberblick<br \/>&#8211; Mehr als 1000 sofort verf\u00fcgbare Designerm\u00f6bel<br \/>&#8211; Top Preise<br \/>&#8211; Nachhaltig<br \/>&#8211; 2-Mann-Lieferung ins Zimmer deiner Wahl<br \/>&#8211; Kostenlose Montage<br \/>&#8211; 30 Tage R\u00fcckgaberecht<br \/>&#8211; 1 Jahr Gew\u00e4hrleistung<\/p>\n<p>\u2022 Showroom<br \/>Revive GmbH<br \/>Ottostra\u00dfe 3<br \/>50859 K\u00f6ln &#8211; L\u00f6venich<\/p>\n<p>\u2022 Kundenservice<br \/>Du hast eine Frage? Gerne steht dir unser Team telefonisch und per E-Mail zur Seite.<\/p>\n<p>Telefon: 0221 69 20 65 60<br \/>E-Mail: hier per Nachricht<\/p>\n<p>\u2022 H\u00e4ufig gestellte Fragen<\/p>\n<p>&gt;&gt; Auf den Fotos kann ich keine Gebrauchsspuren erkennen. Was bedeutet das?<br \/>Bei all unseren Produkten sind m\u00f6gliche Gebrauchsspuren eindeutig mit Detail-Fotos bebildert. Ist dies nicht der Fall, befindet sich der Artikel in einem sehr guten Zustand und weist keinerlei sichtbare M\u00e4ngel auf.<\/p>\n<p>&gt;&gt; K\u00f6nnen die Produkte besichtigt werden?<br \/>Ja, alle angebotenen Artikel haben wir vorr\u00e4tig, diese k\u00f6nnen gerne in unserem Showroom in K\u00f6ln-L\u00f6venich besichtigt werden.<br \/>Optional kannst du innerhalb unserer \u00d6ffnungszeiten () einen pers\u00f6nlichen Termin auf revive.de\/products\/30696 buchen.<\/p>\n<p>Alternativ bieten wir dir die M\u00f6glichkeit einer Online Videobesichtigung via WhatsApp.<br \/>Auf jeder Produktseite auf revive.de kannst du deinen Termin buchen.<br \/>Wir gehen auf deine individuellen W\u00fcnsche ein und bieten dir eine pers\u00f6nliche Beratung.<br \/>Die Produktseite f\u00fcr diese Anzeige findest du unter: revive.de\/products\/30696<\/p>\n<p>&gt;&gt; Ist der Preis verhandelbar?<br \/>Nein, denn unsere Produkte sind gegen\u00fcber dem Neupreis bereits stark reduziert \u2013 so erh\u00e4ltst du hochwertige Produkte zu einem unschlagbaren Preis.<br \/>M\u00f6gliche Gebrauchsspuren sind bereits mit einberechnet.<br \/>Alle unsere Preise werden von unseren Experten mit gro\u00dfer Sorgfalt gepr\u00fcft. Mittels Hersteller und Modell ist der Neupreis f\u00fcr dich<\/p>\n<\/div>\n","protected":false},"excerpt":{"rendered":"<p>Revive GmbH | Gebrauchte Designerm\u00f6bel \u2022 Aufbereitet \u2022 Nachhaltig \u2022 Sofort Verf\u00fcgbar Online bestellen: www.revive.de\/products\/30696 Artikelnummer: #30696 (1x 30436, 1x 30435) Dieses Set besteht aus dem Bolia Scandinavia Dreisitzer und dem dazug&#8230;<\/p>\n","protected":false},"featured_media":48174,"template":"","meta":[],"product_label":[],"product_brand":[],"product_cat":[15],"product_tag":[],"class_list":{"0":"post-46482","1":"product","2":"type-product","3":"status-publish","4":"has-post-thumbnail","6":"product_cat-unkategorisiert","8":"first","9":"instock","10":"shipping-taxable","11":"purchasable","12":"product-type-kleinanzeige"},"_links":{"self":[{"href":"https:\/\/homeday.webpremiere.de\/index.php\/wp-json\/wp\/v2\/product\/46482","targetHints":{"allow":["GET"]}}],"collection":[{"href":"https:\/\/homeday.webpremiere.de\/index.php\/wp-json\/wp\/v2\/product"}],"about":[{"href":"https:\/\/homeday.webpremiere.de\/index.php\/wp-json\/wp\/v2\/types\/product"}],"wp:featuredmedia":[{"embeddable":true,"href":"https:\/\/homeday.webpremiere.de\/index.php\/wp-json\/wp\/v2\/media\/48174"}],"wp:attachment":[{"href":"https:\/\/homeday.webpremiere.de\/index.php\/wp-json\/wp\/v2\/media?parent=46482"}],"wp:term":[{"taxonomy":"product_label","embeddable":true,"href":"https:\/\/homeday.webpremiere.de\/index.php\/wp-json\/wp\/v2\/product_label?post=46482"},{"taxonomy":"product_brand","embeddable":true,"href":"https:\/\/homeday.webpremiere.de\/index.php\/wp-json\/wp\/v2\/product_brand?post=46482"},{"taxonomy":"product_cat","embeddable":true,"href":"https:\/\/homeday.webpremiere.de\/index.php\/wp-json\/wp\/v2\/product_cat?post=46482"},{"taxonomy":"product_tag","embeddable":true,"href":"https:\/\/homeday.webpremiere.de\/index.php\/wp-json\/wp\/v2\/product_tag?post=46482"}],"curies":[{"name":"wp","href":"https:\/\/api.w.org\/{rel}","templated":true}]}}