{"id":49493,"date":"2026-04-13T00:00:00","date_gmt":"2026-04-12T22:00:00","guid":{"rendered":"https:\/\/homeday.webpremiere.de\/index.php\/produkt\/produkt\/"},"modified":"2026-04-21T22:17:19","modified_gmt":"2026-04-21T20:17:19","slug":"stressless-arion-viersitzer-sofa-rot-manuelle-funktion","status":"publish","type":"product","link":"https:\/\/homeday.webpremiere.de\/index.php\/produkt\/stressless-arion-viersitzer-sofa-rot-manuelle-funktion\/","title":{"rendered":"Stressless Arion Viersitzer Sofa Rot manuelle Funktion"},"content":{"rendered":"<div>\n<p id=\"viewad-description-text\" class=\"ad-keydetails--ad-description\">Revive GmbH | Gebrauchte Designerm\u00f6bel \u2022 Aufbereitet \u2022 Nachhaltig \u2022 Sofort Verf\u00fcgbar<\/p>\n<p>Verf\u00fcgbar in: K\u00f6ln &#8211; L\u00f6venich<br \/>Online bestellen: www.revive.de\/products\/29470-c3<br \/>Artikelnummer: #29470-c3<\/p>\n<p>Mit diesem Viersitzer aus der Stressless \u201eArion\u201c Serie holst du dir das ultimative Heimkino-Erlebnis in dein Wohnzimmer. Die Kombination aus vier Sitzpl\u00e4tzen, die durch eine praktische Mittelkonsole verbunden sind, macht dieses Sofa zum perfekten Treffpunkt f\u00fcr entspannte Abende mit der Familie oder Freunden.Jeder Sitz ist mit der bew\u00e4hrten Stressless-Gleitfunktion ausgestattet, die sich sanft deinen K\u00f6rperbewegungen anpasst \u2013 so findet jeder seine individuelle Lieblingsposition. Die hohen R\u00fcckenlehnen (Highback) sorgen f\u00fcr optimale Unterst\u00fctzung von Kopf und Nacken, was besonders bei langen Filmen Gold wert ist. Das rote Leder setzt dabei einen kr\u00e4ftigen, warmen Akzent im Raum, w\u00e4hrend die integrierte Ablagefl\u00e4che in der Mitte Platz f\u00fcr Getr\u00e4nke und Snacks bietet. Luxus, Komfort und Funktionalit\u00e4t in einem beeindruckenden M\u00f6belst\u00fcck.<\/p>\n<p>\u2022 Ma\u00dfe<br \/>Breite: 290cm<br \/>H\u00f6he: 91-108cm<br \/>Tiefe: 84-102cm<br \/>Sitzh\u00f6he: 46cm<br \/>Lehnenh\u00f6he: 61cm<br \/>Sitztiefe: 53cm<br \/>Sitzbreite: 111\/111cm<br \/>R\u00fcckenlehnenh\u00f6he: 57-71cm<\/p>\n<p>\u2022 Artikelinformationen<br \/>Hersteller: Stressless<br \/>Modell: Arion<br \/>Designer:<br \/>Farbe: Rot<br \/>Material: Leder<br \/>Produktart: Viersitzer<br \/>Nichtraucher-Haushalt: Ja<\/p>\n<p>\u2022 Lieferung bis in&#8217;s Wohnzimmer (bundesweit)<br \/>149 EUR<\/p>\n<p>Die Lieferung erfolgt durch zwei unserer Mitarbeiter bis zum gew\u00fcnschten Platz (inkl. Verpackungsentsorgung).<br \/>Alle Artikel werden von uns auf ihre Qualit\u00e4t gepr\u00fcft und sorgf\u00e4ltig verpackt.<br \/>Wir informieren dich 1-3 Tage vorab \u00fcber den konkreten Liefertermin.<br \/>Du ben\u00f6tigst eine Lieferung ins Ausland? Komm gerne auf uns zu und wir machen dir ein Angebot.<\/p>\n<p>\u2022 \u00dcber Revive<br \/>Mit unserer professionellen Aufbereitung schenken wir gebrauchten Designerm\u00f6beln ein neues Leben.<br \/>Unsere Produkte sind gegen\u00fcber dem Neupreis bereits stark reduziert \u2013 so erh\u00e4ltst du hochwertige Produkte zu einem unschlagbaren Preis. Zus\u00e4tzlich spenden wir 10% unseres Gewinns an gemeinn\u00fctzige Zwecke.<\/p>\n<p>\u2022 Deine Vorteile im \u00dcberblick<br \/>&#8211; Mehr als 1000 sofort verf\u00fcgbare Designerm\u00f6bel<br \/>&#8211; Top Preise<br \/>&#8211; Nachhaltig<br \/>&#8211; 2-Mann-Lieferung ins Zimmer deiner Wahl<br \/>&#8211; Kostenlose Montage<br \/>&#8211; 30 Tage R\u00fcckgaberecht<br \/>&#8211; 1 Jahr Gew\u00e4hrleistung<\/p>\n<p>\u2022 Showroom<br \/>Revive GmbH<br \/>Ottostr. 3<br \/>50859 K\u00f6ln &#8211; L\u00f6venich<br \/>Mo-Do: 13-18 Uhr, Fr-Sa: 10-18 Uhr<\/p>\n<p>\u2022 Kundenservice<br \/>Du hast eine Frage? Gerne steht dir unser Team telefonisch und per E-Mail zur Seite.<\/p>\n<p>Telefon: 0221 69 20 65 60<br \/>E-Mail: hier per Nachricht<\/p>\n<p>\u2022 H\u00e4ufig gestellte Fragen<\/p>\n<p>&gt;&gt; Auf den Fotos kann ich keine Gebrauchsspuren erkennen. Was bedeutet das?<br \/>Bei all unseren Produkten sind m\u00f6gliche Gebrauchsspuren eindeutig mit Detail-Fotos bebildert. Ist dies nicht der Fall, befindet sich der Artikel in einem sehr guten Zustand und weist keinerlei sichtbare M\u00e4ngel auf.<\/p>\n<p>&gt;&gt; K\u00f6nnen die Produkte besichtigt werden?<br \/>Ja, alle angebotenen Artikel haben wir vorr\u00e4tig, diese k\u00f6nnen gerne in unserem Showroom in K\u00f6ln-L\u00f6venich besichtigt werden.<br \/>Optional kannst du innerhalb unserer \u00d6ffnungszeiten (Mo-Do: 13-18 Uhr, Fr-Sa: 10-18 Uhr) einen pers\u00f6nlichen Termin auf revive.de\/products\/29470-c3 buchen.<\/p>\n<p>Alternativ bieten wir dir die M\u00f6glichkeit einer Online Videobesichtigung via WhatsApp.<br \/>Auf jeder Produktseite auf revive.de kannst du deinen Termin buchen.<br \/>Wir gehen auf deine individuellen W\u00fcnsche ein und bieten dir eine pers\u00f6nliche Beratung.<br \/>Die Produktseite f\u00fcr diese Anzeige findest du unter: revive.de\/products\/29470-c3<\/p>\n<p>&gt;&gt; Ist der Preis verhandelbar?<br \/>Nein, denn unsere Produkte sind gegen\u00fcber dem Neupreis bereits stark reduziert \u2013 so erh\u00e4ltst du hochwertige Produkte zu einem unschlagbaren Preis.<br \/>M\u00f6gliche Gebrauchsspuren sind bereits mit einberechnet.<br \/>Alle unsere Preise werden von unseren Experten mit gro\u00dfer Sorgfalt gepr\u00fcft. Mittels Hersteller und Modell ist der Neupreis f\u00fcr dich jederzeit nachvollziehbar.<\/p>\n<p>&gt;&gt; Kauft ihr auch an?<br \/>Ja, unter www.revive.de\/ankauf machen wir dir gerne ein unverbindliches Angebot.<br \/>Wir<\/p>\n<\/div>\n","protected":false},"excerpt":{"rendered":"<p>Revive GmbH | Gebrauchte Designerm\u00f6bel \u2022 Aufbereitet \u2022 Nachhaltig \u2022 Sofort Verf\u00fcgbar Verf\u00fcgbar in: K\u00f6ln &#8211; L\u00f6venich Online bestellen: www.revive.de\/products\/29470-c3 Artikelnummer: #29470-c3 Mit diesem Viersitzer aus der Stressless \u201eArion\u201c Serie &#8230;<\/p>\n","protected":false},"featured_media":53257,"template":"","meta":[],"product_label":[],"product_brand":[],"product_cat":[15],"product_tag":[],"class_list":{"0":"post-49493","1":"product","2":"type-product","3":"status-publish","4":"has-post-thumbnail","6":"product_cat-unkategorisiert","8":"first","9":"instock","10":"shipping-taxable","11":"purchasable","12":"product-type-kleinanzeige"},"_links":{"self":[{"href":"https:\/\/homeday.webpremiere.de\/index.php\/wp-json\/wp\/v2\/product\/49493","targetHints":{"allow":["GET"]}}],"collection":[{"href":"https:\/\/homeday.webpremiere.de\/index.php\/wp-json\/wp\/v2\/product"}],"about":[{"href":"https:\/\/homeday.webpremiere.de\/index.php\/wp-json\/wp\/v2\/types\/product"}],"wp:featuredmedia":[{"embeddable":true,"href":"https:\/\/homeday.webpremiere.de\/index.php\/wp-json\/wp\/v2\/media\/53257"}],"wp:attachment":[{"href":"https:\/\/homeday.webpremiere.de\/index.php\/wp-json\/wp\/v2\/media?parent=49493"}],"wp:term":[{"taxonomy":"product_label","embeddable":true,"href":"https:\/\/homeday.webpremiere.de\/index.php\/wp-json\/wp\/v2\/product_label?post=49493"},{"taxonomy":"product_brand","embeddable":true,"href":"https:\/\/homeday.webpremiere.de\/index.php\/wp-json\/wp\/v2\/product_brand?post=49493"},{"taxonomy":"product_cat","embeddable":true,"href":"https:\/\/homeday.webpremiere.de\/index.php\/wp-json\/wp\/v2\/product_cat?post=49493"},{"taxonomy":"product_tag","embeddable":true,"href":"https:\/\/homeday.webpremiere.de\/index.php\/wp-json\/wp\/v2\/product_tag?post=49493"}],"curies":[{"name":"wp","href":"https:\/\/api.w.org\/{rel}","templated":true}]}}