{"id":51608,"date":"2026-04-04T00:00:00","date_gmt":"2026-04-03T22:00:00","guid":{"rendered":"https:\/\/homeday.webpremiere.de\/index.php\/produkt\/produkt\/"},"modified":"2026-04-21T23:06:16","modified_gmt":"2026-04-21T21:06:16","slug":"cassina-le-corbusier-lc-4-fell-kuhfell-liege-braun-weiss-schwarz-%e2%9c%a8","status":"publish","type":"product","link":"https:\/\/homeday.webpremiere.de\/index.php\/produkt\/cassina-le-corbusier-lc-4-fell-kuhfell-liege-braun-weiss-schwarz-%e2%9c%a8\/","title":{"rendered":"Cassina Le Corbusier LC 4 Fell Kuhfell Liege Braun Wei\u00df Schwarz \u2728"},"content":{"rendered":"<div>\n<p id=\"viewad-description-text\" class=\"ad-keydetails--ad-description\">Revive GmbH | Gebrauchte Designerm\u00f6bel \u2022 Professionell aufbereitet \u2022 Nachhaltig \u2022 Authentisch<\/p>\n<p>Nur online verf\u00fcgbar &#8211; Vorbestellung<br \/>Online bestellen: www.revive.de\/products\/30562-c3<br \/>Artikelnummer: #30562-c3<\/p>\n<p>Mit der Cassina LC4 entscheidest du dich f\u00fcr die wohl bekannteste Liege der Welt, die nicht ohne Grund als echtes Meisterwerk der Moderne gilt. Der Entwurf von Le Corbusier, Pierre Jeanneret und Charlotte Perriand stammt eigentlich aus dem Jahr 1928 (das sind fast 100 Jahre!), wirkt aber trotzdem absolut modern und zeitlos. Uns gef\u00e4llt an dieser Ausf\u00fchrung nat\u00fcrlich besonders der Fellbezug, die Kombination aus dem braun-wei\u00dfem Fell und dem gl\u00e4nzenden Chromgestell sieht einfach nur schick aus!Die manuelle Funktion der LC4 ist so genial wie einfach, denn die Liegefl\u00e4che ist nicht fest mit dem Untergestell verbunden. Durch einfaches Verschieben des verchromten Stahlrohrrahmens auf den gummierten Rollen des Sockels kannst du die Neigung stufenlos verstellen, um von einer aufrechten Leseposition in eine flache Ruhehaltung zu wechseln.<\/p>\n<p>\u2022 Ma\u00dfe<br \/>Breite: 59cm<br \/>H\u00f6he: 85\/56cm<br \/>Tiefe: 152cm<br \/>Sitzh\u00f6he: 34cm<br \/>Lehnenh\u00f6he: -cm<br \/>Sitztiefe: 80cm<br \/>Sitzbreite: 47cm<br \/>R\u00fcckenlehnenh\u00f6he: 52cm<\/p>\n<p>\u2022 Artikelinformationen<br \/>Hersteller: Cassina<br \/>Modell: Le Corbusier LC 4<br \/>Designer: Le Corbusier<br \/>Farbe: Braun<br \/>Material: Fell<br \/>Produktart: Liege<br \/>Nichtraucher-Haushalt: Ja<\/p>\n<p>\u2022 Lieferung bis in&#8217;s Wohnzimmer (bundesweit)<br \/>149 EUR<\/p>\n<p>Die Lieferung erfolgt durch zwei unserer Mitarbeiter bis zum gew\u00fcnschten Platz (inkl. Verpackungsentsorgung).<br \/>Alle Artikel werden von uns auf ihre Qualit\u00e4t gepr\u00fcft und sorgf\u00e4ltig verpackt.<br \/>Wir informieren dich 1-3 Tage vorab \u00fcber den konkreten Liefertermin.<br \/>Du ben\u00f6tigst eine Lieferung ins Ausland? Komm gerne auf uns zu und wir machen dir ein Angebot.<\/p>\n<p>\u2022 \u00dcber Revive<br \/>Mit unserer professionellen Aufbereitung schenken wir gebrauchten Designerm\u00f6beln ein neues Leben.<br \/>Unsere Produkte sind gegen\u00fcber dem Neupreis bereits stark reduziert \u2013 so erh\u00e4ltst du hochwertige Produkte zu einem unschlagbaren Preis. Zus\u00e4tzlich spenden wir 10% unseres Gewinns an gemeinn\u00fctzige Zwecke.<\/p>\n<p>\u2022 Deine Vorteile im \u00dcberblick<br \/>&#8211; Mehr als 1000 sofort verf\u00fcgbare Designerm\u00f6bel<br \/>&#8211; Top Preise<br \/>&#8211; Nachhaltig<br \/>&#8211; 2-Mann-Lieferung ins Zimmer deiner Wahl<br \/>&#8211; Kostenlose Montage<br \/>&#8211; 30 Tage R\u00fcckgaberecht<br \/>&#8211; 1 Jahr Gew\u00e4hrleistung<\/p>\n<p>\u2022 Showroom<br \/>Revive GmbH<br \/>Ottostra\u00dfe 3<br \/>50859 K\u00f6ln &#8211; L\u00f6venich<br \/>Vorbestellung &#8211; Besichtigung eingeschr\u00e4nkt m\u00f6glich, bitte vorher melden<\/p>\n<p>\u2022 Kundenservice<br \/>Du hast eine Frage? Gerne steht dir unser Team telefonisch und per E-Mail zur Seite.<\/p>\n<p>Telefon: 0221 69 20 65 60<br \/>E-Mail: hier per Nachricht<\/p>\n<p>\u2022 H\u00e4ufig gestellte Fragen<\/p>\n<p>&gt;&gt; Auf den Fotos kann ich keine Gebrauchsspuren erkennen. Was bedeutet das?<br \/>Bei all unseren Produkten sind m\u00f6gliche Gebrauchsspuren eindeutig mit Detail-Fotos bebildert. Ist dies nicht der Fall, befindet sich der Artikel in einem sehr guten Zustand und weist keinerlei sichtbare M\u00e4ngel auf.<\/p>\n<p>&gt;&gt; Kann dieses Produkt besichtigt werden?<br \/>Bei diesem Produkt handelt es sich um eine Vorbestellung mit einer Lieferzeit von 8-12 Wochen.<br \/>Eine Besichtigung ist m\u00f6glich, sobald das Produkt bei uns im Lager angekommen und aufbereitet wurde.<br \/>Optional kannst du schon jetzt vorher einen pers\u00f6nlichen Termin zur Beratung auf revive.de\/products\/30562-c3 buchen.<br \/>Termine bieten wir sowohl vor Ort, als auch per Video an.<br \/>Wir gehen auf deine individuellen W\u00fcnsche ein und bieten dir eine pers\u00f6nliche Beratung.<\/p>\n<p>&gt;&gt; Ist der Preis verhandelbar?<br \/>Nein, denn unsere Produkte sind gegen\u00fcber dem Neupreis bereits stark reduziert \u2013 so erh\u00e4ltst du hochwertige Produkte zu einem unschlagbaren Preis.<br \/>M\u00f6gliche Gebrauchsspuren sind bereits mit einberechnet.<br \/>Alle unsere Preise werden von unseren Experten mit gro\u00dfer Sorgfalt gepr\u00fcft. Mittels Hersteller und Modell ist der Neupreis f\u00fcr dich jederzeit nachvollziehbar.<\/p>\n<p>&gt;&gt; Wie sind die Lieferzeiten?<br \/>8-12 Wochen (Das ist eine Vorbestellung)<br \/>Weltweit auf Anfrage<\/p>\n<p>(Bei Insellieferungen entstehen in der Regel Extrakosten)<\/p>\n<p>Wenn du eine spezielle Anfrage hast, wie z.B.<\/p>\n<\/div>\n","protected":false},"excerpt":{"rendered":"<p>Revive GmbH | Gebrauchte Designerm\u00f6bel \u2022 Professionell aufbereitet \u2022 Nachhaltig \u2022 Authentisch Nur online verf\u00fcgbar &#8211; Vorbestellung Online bestellen: www.revive.de\/products\/30562-c3 Artikelnummer: #30562-c3 Mit der Cassina LC4 entscheidest du dic&#8230;<\/p>\n","protected":false},"featured_media":59080,"template":"","meta":[],"product_label":[],"product_brand":[],"product_cat":[15],"product_tag":[],"class_list":{"0":"post-51608","1":"product","2":"type-product","3":"status-publish","4":"has-post-thumbnail","6":"product_cat-unkategorisiert","8":"first","9":"instock","10":"shipping-taxable","11":"purchasable","12":"product-type-kleinanzeige"},"_links":{"self":[{"href":"https:\/\/homeday.webpremiere.de\/index.php\/wp-json\/wp\/v2\/product\/51608","targetHints":{"allow":["GET"]}}],"collection":[{"href":"https:\/\/homeday.webpremiere.de\/index.php\/wp-json\/wp\/v2\/product"}],"about":[{"href":"https:\/\/homeday.webpremiere.de\/index.php\/wp-json\/wp\/v2\/types\/product"}],"wp:featuredmedia":[{"embeddable":true,"href":"https:\/\/homeday.webpremiere.de\/index.php\/wp-json\/wp\/v2\/media\/59080"}],"wp:attachment":[{"href":"https:\/\/homeday.webpremiere.de\/index.php\/wp-json\/wp\/v2\/media?parent=51608"}],"wp:term":[{"taxonomy":"product_label","embeddable":true,"href":"https:\/\/homeday.webpremiere.de\/index.php\/wp-json\/wp\/v2\/product_label?post=51608"},{"taxonomy":"product_brand","embeddable":true,"href":"https:\/\/homeday.webpremiere.de\/index.php\/wp-json\/wp\/v2\/product_brand?post=51608"},{"taxonomy":"product_cat","embeddable":true,"href":"https:\/\/homeday.webpremiere.de\/index.php\/wp-json\/wp\/v2\/product_cat?post=51608"},{"taxonomy":"product_tag","embeddable":true,"href":"https:\/\/homeday.webpremiere.de\/index.php\/wp-json\/wp\/v2\/product_tag?post=51608"}],"curies":[{"name":"wp","href":"https:\/\/api.w.org\/{rel}","templated":true}]}}