{"id":52750,"date":"2026-04-01T00:00:00","date_gmt":"2026-03-31T22:00:00","guid":{"rendered":"https:\/\/homeday.webpremiere.de\/index.php\/produkt\/produkt\/"},"modified":"2026-04-21T23:45:52","modified_gmt":"2026-04-21T21:45:52","slug":"walter-knoll-nelson-leder-sessel-creme-beige-2","status":"publish","type":"product","link":"https:\/\/homeday.webpremiere.de\/index.php\/produkt\/walter-knoll-nelson-leder-sessel-creme-beige-2\/","title":{"rendered":"Walter Knoll Nelson Leder Sessel Creme Beige"},"content":{"rendered":"<div>\n<p id=\"viewad-description-text\" class=\"ad-keydetails--ad-description\">Revive GmbH | Gebrauchte Designerm\u00f6bel \u2022 Aufbereitet \u2022 Nachhaltig \u2022 Sofort Verf\u00fcgbar<\/p>\n<p>Online bestellen: www.revive.de\/products\/30489<br \/>Artikelnummer: #30489 (2x 30199)<\/p>\n<p>Dieses Duo besteht aus zwei Nelson Sesseln von Walter Knoll. Das Design des Walter Knoll Nelson Sessels lebt von seiner klaren, kubischen Formsprache, die in diesem creme-beigen Leder besonders gut zur Geltung kommt. Uns fasziniert vor allem, wie die breiten Armlehnen und der tiefe Korpus eine massive Pr\u00e4senz ausstrahlen, ohne dabei schwerf\u00e4llig zu wirken. Es ist ein echtes Statement-Piece f\u00fcr dein Wohnzimmer, das durch die hochwertige Verarbeitung der deutschen Manufaktur Walter Knoll einfach gut aussieht und auch in vielen Jahren noch modern bleibt.Die Kombination aus der hellen Farbe und dem robusten Material sorgt daf\u00fcr, dass sich der Sessel m\u00fchelos in verschiedene Einrichtungsstile einf\u00fcgt. Hier bekommst du ein zeitloses Herzst\u00fcck, das Designanspruch mit absoluter Alltagstauglichkeit verbindet und deinem Raum sofort eine aufger\u00e4umte \u00c4sthetik verleiht.<\/p>\n<p>\u2022 Ma\u00dfe<br \/>Breite: 89cm<br \/>H\u00f6he: 75cm<br \/>Tiefe: 89cm<br \/>Sitzh\u00f6he: 43cm<br \/>Lehnenh\u00f6he: 60cm<br \/>Sitztiefe: 55cm<br \/>Sitzbreite: 64cm<br \/>R\u00fcckenlehnenh\u00f6he: 37cm<\/p>\n<p>\u2022 Artikelinformationen<br \/>Hersteller: Walter Knoll<br \/>Modell: Nelson<br \/>Designer: EOOS Design<br \/>Farbe: Creme<br \/>Material: Leder<br \/>Produktart: Sessel Garnitur<br \/>Nichtraucher-Haushalt: Ja<\/p>\n<p>\u2022 Lieferung bis in&#8217;s Wohnzimmer (bundesweit)<br \/>149 EUR<\/p>\n<p>Die Lieferung erfolgt durch zwei unserer Mitarbeiter bis zum gew\u00fcnschten Platz (inkl. Verpackungsentsorgung).<br \/>Alle Artikel werden von uns auf ihre Qualit\u00e4t gepr\u00fcft und sorgf\u00e4ltig verpackt.<br \/>Wir informieren dich 1-3 Tage vorab \u00fcber den konkreten Liefertermin.<br \/>Du ben\u00f6tigst eine Lieferung ins Ausland? Komm gerne auf uns zu und wir machen dir ein Angebot.<\/p>\n<p>\u2022 \u00dcber Revive<br \/>Mit unserer professionellen Aufbereitung schenken wir gebrauchten Designerm\u00f6beln ein neues Leben.<br \/>Unsere Produkte sind gegen\u00fcber dem Neupreis bereits stark reduziert \u2013 so erh\u00e4ltst du hochwertige Produkte zu einem unschlagbaren Preis. Zus\u00e4tzlich spenden wir 10% unseres Gewinns an gemeinn\u00fctzige Zwecke.<\/p>\n<p>\u2022 Deine Vorteile im \u00dcberblick<br \/>&#8211; Mehr als 1000 sofort verf\u00fcgbare Designerm\u00f6bel<br \/>&#8211; Top Preise<br \/>&#8211; Nachhaltig<br \/>&#8211; 2-Mann-Lieferung ins Zimmer deiner Wahl<br \/>&#8211; Kostenlose Montage<br \/>&#8211; 30 Tage R\u00fcckgaberecht<br \/>&#8211; 1 Jahr Gew\u00e4hrleistung<\/p>\n<p>\u2022 Showroom<br \/>Revive GmbH<br \/>Ottostra\u00dfe 3<br \/>50859 K\u00f6ln &#8211; L\u00f6venich<\/p>\n<p>\u2022 Kundenservice<br \/>Du hast eine Frage? Gerne steht dir unser Team telefonisch und per E-Mail zur Seite.<\/p>\n<p>Telefon: 0221 69 20 65 60<br \/>E-Mail: hier per Nachricht<\/p>\n<p>\u2022 H\u00e4ufig gestellte Fragen<\/p>\n<p>&gt;&gt; Auf den Fotos kann ich keine Gebrauchsspuren erkennen. Was bedeutet das?<br \/>Bei all unseren Produkten sind m\u00f6gliche Gebrauchsspuren eindeutig mit Detail-Fotos bebildert. Ist dies nicht der Fall, befindet sich der Artikel in einem sehr guten Zustand und weist keinerlei sichtbare M\u00e4ngel auf.<\/p>\n<p>&gt;&gt; K\u00f6nnen die Produkte besichtigt werden?<br \/>Ja, alle angebotenen Artikel haben wir vorr\u00e4tig, diese k\u00f6nnen gerne in unserem Showroom in K\u00f6ln-L\u00f6venich besichtigt werden.<br \/>Optional kannst du innerhalb unserer \u00d6ffnungszeiten () einen pers\u00f6nlichen Termin auf revive.de\/products\/30489 buchen.<\/p>\n<p>Alternativ bieten wir dir die M\u00f6glichkeit einer Online Videobesichtigung via WhatsApp.<br \/>Auf jeder Produktseite auf revive.de kannst du deinen Termin buchen.<br \/>Wir gehen auf deine individuellen W\u00fcnsche ein und bieten dir eine pers\u00f6nliche Beratung.<br \/>Die Produktseite f\u00fcr diese Anzeige findest du unter: revive.de\/products\/30489<\/p>\n<p>&gt;&gt; Ist der Preis verhandelbar?<br \/>Nein, denn unsere Produkte sind gegen\u00fcber dem Neupreis bereits stark reduziert \u2013 so erh\u00e4ltst du hochwertige Produkte zu einem unschlagbaren Preis.<br \/>M\u00f6gliche Gebrauchsspuren sind bereits mit einberechnet.<br \/>Alle unsere Preise werden von unseren Experten mit gro\u00dfer Sorgfalt gepr\u00fcft. Mittels Hersteller und Modell ist der Neupreis f\u00fcr dich jederzeit nachvollziehbar.<\/p>\n<p>&gt;&gt; Wie sind die Lieferzeiten?<br \/>1-21 Tage deutschlandweit<br \/>Weltweit auf Anfrage<\/p>\n<p>(Bei Insellieferungen entstehen in der Regel Extrakosten)<\/p>\n<p>Wenn du eine spezielle Anfrage hast, wie<\/p>\n<\/div>\n","protected":false},"excerpt":{"rendered":"<p>Revive GmbH | Gebrauchte Designerm\u00f6bel \u2022 Aufbereitet \u2022 Nachhaltig \u2022 Sofort Verf\u00fcgbar Online bestellen: www.revive.de\/products\/30489 Artikelnummer: #30489 (2x 30199) Dieses Duo besteht aus zwei Nelson Sesseln von Walter Knoll. Das Design des Wal&#8230;<\/p>\n","protected":false},"featured_media":63101,"template":"","meta":[],"product_label":[],"product_brand":[],"product_cat":[15],"product_tag":[],"class_list":{"0":"post-52750","1":"product","2":"type-product","3":"status-publish","4":"has-post-thumbnail","6":"product_cat-unkategorisiert","8":"first","9":"instock","10":"shipping-taxable","11":"purchasable","12":"product-type-kleinanzeige"},"_links":{"self":[{"href":"https:\/\/homeday.webpremiere.de\/index.php\/wp-json\/wp\/v2\/product\/52750","targetHints":{"allow":["GET"]}}],"collection":[{"href":"https:\/\/homeday.webpremiere.de\/index.php\/wp-json\/wp\/v2\/product"}],"about":[{"href":"https:\/\/homeday.webpremiere.de\/index.php\/wp-json\/wp\/v2\/types\/product"}],"wp:featuredmedia":[{"embeddable":true,"href":"https:\/\/homeday.webpremiere.de\/index.php\/wp-json\/wp\/v2\/media\/63101"}],"wp:attachment":[{"href":"https:\/\/homeday.webpremiere.de\/index.php\/wp-json\/wp\/v2\/media?parent=52750"}],"wp:term":[{"taxonomy":"product_label","embeddable":true,"href":"https:\/\/homeday.webpremiere.de\/index.php\/wp-json\/wp\/v2\/product_label?post=52750"},{"taxonomy":"product_brand","embeddable":true,"href":"https:\/\/homeday.webpremiere.de\/index.php\/wp-json\/wp\/v2\/product_brand?post=52750"},{"taxonomy":"product_cat","embeddable":true,"href":"https:\/\/homeday.webpremiere.de\/index.php\/wp-json\/wp\/v2\/product_cat?post=52750"},{"taxonomy":"product_tag","embeddable":true,"href":"https:\/\/homeday.webpremiere.de\/index.php\/wp-json\/wp\/v2\/product_tag?post=52750"}],"curies":[{"name":"wp","href":"https:\/\/api.w.org\/{rel}","templated":true}]}}