{"id":53051,"date":"2026-04-01T00:00:00","date_gmt":"2026-03-31T22:00:00","guid":{"rendered":"https:\/\/homeday.webpremiere.de\/index.php\/produkt\/produkt\/"},"modified":"2026-04-21T23:54:29","modified_gmt":"2026-04-21T21:54:29","slug":"cassina-met-250-stoff-dreisitzer-grau-taupe-sofa-couch-neubezug-%e2%9c%a8","status":"publish","type":"product","link":"https:\/\/homeday.webpremiere.de\/index.php\/produkt\/cassina-met-250-stoff-dreisitzer-grau-taupe-sofa-couch-neubezug-%e2%9c%a8\/","title":{"rendered":"Cassina Met 250 Stoff Dreisitzer Grau Taupe Sofa Couch Neubezug \u2728"},"content":{"rendered":"<div>\n<p id=\"viewad-description-text\" class=\"ad-keydetails--ad-description\">Revive GmbH | Gebrauchte Designerm\u00f6bel \u2022 Professionell aufbereitet \u2022 Nachhaltig \u2022 Authentisch<\/p>\n<p>Nur online verf\u00fcgbar &#8211; Vorbestellung<br \/>Online bestellen: www.revive.de\/products\/28594-c5<br \/>Artikelnummer: #28594-c5<\/p>\n<p>Mit dem Modell \u201eMet\u201c von Cassina holst du dir italienische Designgeschichte aus den 90ern ins Haus, entworfen von Piero Lissoni und S. Sanyal. Dieses Sofa besticht durch seine absolute Schlichtheit und Eleganz. Es ist eines dieser M\u00f6belst\u00fccke, die nicht schreien m\u00fcssen, um zu wirken \u2013 die klaren, geometrischen Formen sprechen f\u00fcr sich.Besonders hervorzuheben ist, dass dieses Exemplar komplett neu bezogen wurde. Der hochwertige Stoff in einem zeitlosen Grau (oft als Greige oder Taupe bezeichnet) verleiht dem Sofa eine frische, moderne Optik und f\u00fchlt sich an wie am ersten Tag. Die schlanken, zylindrischen Metallf\u00fc\u00dfe heben den kompakten Korpus leicht an und unterstreichen den puristischen Charakter. Ein Design-Klassiker, der sich perfekt in minimalistische oder moderne Einrichtungen einf\u00fcgt und dank des Neubezugs bereit f\u00fcr ein zweites Leben ist.<\/p>\n<p>\u2022 Ma\u00dfe<br \/>Breite: 220cm<br \/>H\u00f6he: 73cm<br \/>Tiefe: 88cm<br \/>Sitzh\u00f6he: 42cm<br \/>Lehnenh\u00f6he: 70cm<br \/>Sitztiefe: 61cm<br \/>Sitzbreite: 179cm<br \/>R\u00fcckenlehnenh\u00f6he: 37cm<\/p>\n<p>\u2022 Artikelinformationen<br \/>Hersteller: Cassina<br \/>Modell: Met 250<br \/>Designer: Piero Lissoni<br \/>Farbe: Grau<br \/>Material: Stoff<br \/>Produktart: Dreisitzer<br \/>Nichtraucher-Haushalt: Ja<\/p>\n<p>\u2022 Lieferung bis in&#8217;s Wohnzimmer (bundesweit)<br \/>149 EUR<\/p>\n<p>Die Lieferung erfolgt durch zwei unserer Mitarbeiter bis zum gew\u00fcnschten Platz (inkl. Verpackungsentsorgung).<br \/>Alle Artikel werden von uns auf ihre Qualit\u00e4t gepr\u00fcft und sorgf\u00e4ltig verpackt.<br \/>Wir informieren dich 1-3 Tage vorab \u00fcber den konkreten Liefertermin.<br \/>Du ben\u00f6tigst eine Lieferung ins Ausland? Komm gerne auf uns zu und wir machen dir ein Angebot.<\/p>\n<p>\u2022 \u00dcber Revive<br \/>Mit unserer professionellen Aufbereitung schenken wir gebrauchten Designerm\u00f6beln ein neues Leben.<br \/>Unsere Produkte sind gegen\u00fcber dem Neupreis bereits stark reduziert \u2013 so erh\u00e4ltst du hochwertige Produkte zu einem unschlagbaren Preis. Zus\u00e4tzlich spenden wir 10% unseres Gewinns an gemeinn\u00fctzige Zwecke.<\/p>\n<p>\u2022 Deine Vorteile im \u00dcberblick<br \/>&#8211; Mehr als 1000 sofort verf\u00fcgbare Designerm\u00f6bel<br \/>&#8211; Top Preise<br \/>&#8211; Nachhaltig<br \/>&#8211; 2-Mann-Lieferung ins Zimmer deiner Wahl<br \/>&#8211; Kostenlose Montage<br \/>&#8211; 30 Tage R\u00fcckgaberecht<br \/>&#8211; 1 Jahr Gew\u00e4hrleistung<\/p>\n<p>\u2022 Showroom<br \/>Revive GmbH<br \/>Ottostra\u00dfe 3<br \/>50859 K\u00f6ln &#8211; L\u00f6venich<br \/>Vorbestellung &#8211; Besichtigung eingeschr\u00e4nkt m\u00f6glich, bitte vorher melden<\/p>\n<p>\u2022 Kundenservice<br \/>Du hast eine Frage? Gerne steht dir unser Team telefonisch und per E-Mail zur Seite.<\/p>\n<p>Telefon: 0221 69 20 65 60<br \/>E-Mail: hier per Nachricht<\/p>\n<p>\u2022 H\u00e4ufig gestellte Fragen<\/p>\n<p>&gt;&gt; Auf den Fotos kann ich keine Gebrauchsspuren erkennen. Was bedeutet das?<br \/>Bei all unseren Produkten sind m\u00f6gliche Gebrauchsspuren eindeutig mit Detail-Fotos bebildert. Ist dies nicht der Fall, befindet sich der Artikel in einem sehr guten Zustand und weist keinerlei sichtbare M\u00e4ngel auf.<\/p>\n<p>&gt;&gt; Kann dieses Produkt besichtigt werden?<br \/>Bei diesem Produkt handelt es sich um eine Vorbestellung mit einer Lieferzeit von 8-12 Wochen.<br \/>Eine Besichtigung ist m\u00f6glich, sobald das Produkt bei uns im Lager angekommen und aufbereitet wurde.<br \/>Optional kannst du einen pers\u00f6nlichen Termin zur Beratung auf revive.de\/products\/28594-c5 buchen.<br \/>Termine bieten wir sowohl vor Ort, als auch per Video an.<br \/>Wir gehen auf deine individuellen W\u00fcnsche ein und bieten dir eine pers\u00f6nliche Beratung.<\/p>\n<p>&gt;&gt; Ist der Preis verhandelbar?<br \/>Nein, denn unsere Produkte sind gegen\u00fcber dem Neupreis bereits stark reduziert \u2013 so erh\u00e4ltst du hochwertige Produkte zu einem unschlagbaren Preis.<br \/>M\u00f6gliche Gebrauchsspuren sind bereits mit einberechnet.<br \/>Alle unsere Preise werden von unseren Experten mit gro\u00dfer Sorgfalt gepr\u00fcft. Mittels Hersteller und Modell ist der Neupreis f\u00fcr dich jederzeit nachvollziehbar.<\/p>\n<p>&gt;&gt; Wie sind die Lieferzeiten?<br \/>8-12 Wochen (Das ist eine Vorbestellung)<br \/>Weltweit auf Anfrage<\/p>\n<p>(Bei Insellieferungen entstehen in der Regel Extrakosten)<\/p>\n<p>Wenn du eine spezielle Anfrage hast, wie z.B. ein enges<\/p>\n<\/div>\n","protected":false},"excerpt":{"rendered":"<p>Revive GmbH | Gebrauchte Designerm\u00f6bel \u2022 Professionell aufbereitet \u2022 Nachhaltig \u2022 Authentisch Nur online verf\u00fcgbar &#8211; Vorbestellung Online bestellen: www.revive.de\/products\/28594-c5 Artikelnummer: #28594-c5 Mit dem Modell \u201eMet\u201c von Cassina holst &#8230;<\/p>\n","protected":false},"featured_media":64097,"template":"","meta":[],"product_label":[],"product_brand":[],"product_cat":[15],"product_tag":[],"class_list":{"0":"post-53051","1":"product","2":"type-product","3":"status-publish","4":"has-post-thumbnail","6":"product_cat-unkategorisiert","8":"first","9":"instock","10":"shipping-taxable","11":"purchasable","12":"product-type-kleinanzeige"},"_links":{"self":[{"href":"https:\/\/homeday.webpremiere.de\/index.php\/wp-json\/wp\/v2\/product\/53051","targetHints":{"allow":["GET"]}}],"collection":[{"href":"https:\/\/homeday.webpremiere.de\/index.php\/wp-json\/wp\/v2\/product"}],"about":[{"href":"https:\/\/homeday.webpremiere.de\/index.php\/wp-json\/wp\/v2\/types\/product"}],"wp:featuredmedia":[{"embeddable":true,"href":"https:\/\/homeday.webpremiere.de\/index.php\/wp-json\/wp\/v2\/media\/64097"}],"wp:attachment":[{"href":"https:\/\/homeday.webpremiere.de\/index.php\/wp-json\/wp\/v2\/media?parent=53051"}],"wp:term":[{"taxonomy":"product_label","embeddable":true,"href":"https:\/\/homeday.webpremiere.de\/index.php\/wp-json\/wp\/v2\/product_label?post=53051"},{"taxonomy":"product_brand","embeddable":true,"href":"https:\/\/homeday.webpremiere.de\/index.php\/wp-json\/wp\/v2\/product_brand?post=53051"},{"taxonomy":"product_cat","embeddable":true,"href":"https:\/\/homeday.webpremiere.de\/index.php\/wp-json\/wp\/v2\/product_cat?post=53051"},{"taxonomy":"product_tag","embeddable":true,"href":"https:\/\/homeday.webpremiere.de\/index.php\/wp-json\/wp\/v2\/product_tag?post=53051"}],"curies":[{"name":"wp","href":"https:\/\/api.w.org\/{rel}","templated":true}]}}