{"id":53615,"date":"2026-03-30T00:00:00","date_gmt":"2026-03-29T22:00:00","guid":{"rendered":"https:\/\/homeday.webpremiere.de\/index.php\/produkt\/produkt\/"},"modified":"2026-04-22T00:07:54","modified_gmt":"2026-04-21T22:07:54","slug":"bordbar-voyager-neonblack-flugzeugtrolley-mit-storage-neon","status":"publish","type":"product","link":"https:\/\/homeday.webpremiere.de\/index.php\/produkt\/bordbar-voyager-neonblack-flugzeugtrolley-mit-storage-neon\/","title":{"rendered":"bordbar voyager neonblack Flugzeugtrolley mit storage neon"},"content":{"rendered":"<div>\n<p id=\"viewad-description-text\" class=\"ad-keydetails--ad-description\">Revive GmbH | Gebrauchte Designerm\u00f6bel \u2022 Aufbereitet \u2022 Nachhaltig \u2022 Sofort Verf\u00fcgbar<\/p>\n<p>Verf\u00fcgbar in: K\u00f6ln &#8211; L\u00f6venich<br \/>Online bestellen: www.revive.de\/products\/29505-c5<br \/>Artikelnummer: #29505-c5<\/p>\n<p>bordbar voyager neonblack FlugzeugtrolleyEin Trolley-Design, zwei kraftvolle Farben und viele Details machen den voyager neonblack zu einem faszinierenden Blickfang mit minimalistischer Eleganz. Rinnenf\u00f6rmig gepr\u00e4gte Profilierungen im Aluminium sorgen f\u00fcr eine unaufdringliche Erscheinung. Die authentische Materialauswahl \u00fcberzeugt gleicherma\u00dfen. Der voyager ist frei kombinier- und erg\u00e4nzbar mit allen bordbar Equipment-Sets.Luftfahrt-Atmosphere trifft auf Interior DesignSeit 2006 produziert bordbar M\u00f6bel auf dem h\u00f6chstm\u00f6glichen Qualit\u00e4tsniveau in Kombination mit einem zeitlosen &amp; originalen Flugzeugcharakter. Aus einem Flugzeugtrolley wird die bordbar. Die Kriterien des Trolleys wie Ma\u00dfe, Mobilit\u00e4t und Modularit\u00e4t bleiben erhalten, doch seine Bestimmung wird erweitert.Durch die m\u00f6gliche Individualisierung entsteht Ihre pers\u00f6nliche bordbar &#8211; als Minibar mit Beleuchtung im Wohnzimmer, als Stauraum f\u00fcr Badezimmer und K\u00fcche, als B\u00fcroequipment f\u00fcr Ihr Home-Office &#8211; Die Gestaltungsm\u00f6glichkeiten dabei sind unbegrenzt.Um den Qualit\u00e4tsanforderungen gerecht zu bleiben, produziert bordbar aus Leidenschaft in K\u00f6ln-L\u00f6venich, direkt gegen\u00fcber von Revive. Echte Handarbeit. Und das Made in Germany.30 Jahre GarantieUnsere bordbar 30 Jahre Garantie gilt f\u00fcr die technische Funktionalit\u00e4t und umfasst das sichere Schlie\u00dfen des Schlosses, die einwandfreie Funktion der Rollen und den Bremsmechanismus. F\u00fcr elektrische Equipments wie unseren LED-Leuchtfachboden oder unseren Cooler gilt eine Gew\u00e4hrleistungsfrist von zwei Jahren.Technische DatenFlugzeugtrolley: ATLAS-Norm, ohne FlugerfahrungMaterial: Aluminiumprofile schwarz eloxiert, Oberfl\u00e4chen schwarz matt pulverbeschichtet mit Hochpr\u00e4gungenAu\u00dfenma\u00dfe in cm (H\u00f6he\/Breite\/Tiefe): 103\/30,1\/40,4Leergewicht: 12 kgT\u00fcr: Griff mit Echtleder ummantelt, handvern\u00e4ht, verschlie\u00dfbar, zu \u00f6ffnen bis 270\u00b0, magnetisch fixierbarT\u00fcranschlag: links (nicht wechselbar)Rollen: leichtg\u00e4ngige Doppellenkrollen mit zentraler Bremsestorage neon equipment (Einzelwert: 514,10\u20ac)Equipment-Zusammenstellung:Filzabdeckung dunkelgrau2x Aluminiumschubkasten neon, schmal6x Aluminiumschubkasten neon<\/p>\n<p>\u2022 Ma\u00dfe<br \/>Breite: 30,10cm<br \/>H\u00f6he: 103cm<br \/>Tiefe: 40,40cm<br \/>Sitzh\u00f6he: \/cm<br \/>Lehnenh\u00f6he: \/cm<br \/>Sitztiefe: \/cm<br \/>Sitzbreite: \/cm<br \/>R\u00fcckenlehnenh\u00f6he: \/cm<\/p>\n<p>\u2022 Artikelinformationen<br \/>Hersteller: bordbar<br \/>Modell: voyager<br \/>Designer:<br \/>Farbe: Schwarz<br \/>Material: Aluminium<br \/>Produktart: Flugzeugtrolley<br \/>Nichtraucher-Haushalt: Ja<\/p>\n<p>\u2022 Paketversand<br \/>49 EUR<\/p>\n<p>Der Artikel wird per Paket an dich verschickt.<br \/>Alle Artikel werden von uns auf ihre Qualit\u00e4t gepr\u00fcft und sorgf\u00e4ltig verpackt.<br \/>Du ben\u00f6tigst eine Lieferung ins Ausland? Komm gerne auf uns zu und wir machen dir ein Angebot.<\/p>\n<p>\u2022 \u00dcber Revive<br \/>Mit unserer professionellen Aufbereitung schenken wir gebrauchten Designerm\u00f6beln ein neues Leben.<br \/>Unsere Produkte sind gegen\u00fcber dem Neupreis bereits stark reduziert \u2013 so erh\u00e4ltst du hochwertige Produkte zu einem unschlagbaren Preis. Zus\u00e4tzlich spenden wir 10% unseres Gewinns an gemeinn\u00fctzige Zwecke.<\/p>\n<p>\u2022 Deine Vorteile im \u00dcberblick<br \/>&#8211; Mehr als 1000 sofort verf\u00fcgbare Designerm\u00f6bel<br \/>&#8211; Top Preise<br \/>&#8211; Nachhaltig<br \/>&#8211; 2-Mann-Lieferung ins Zimmer deiner Wahl<br \/>&#8211; Kostenlose Montage<br \/>&#8211; 30 Tage R\u00fcckgaberecht<br \/>&#8211; 1 Jahr Gew\u00e4hrleistung<\/p>\n<p>\u2022 Showroom<br \/>Revive GmbH<br \/>Ottostr. 3<br \/>50859 K\u00f6ln &#8211; L\u00f6venich<br \/>Mo-Do: 13-18 Uhr, Fr-Sa: 10-18 Uhr<\/p>\n<p>\u2022 Kundenservice<br \/>Du hast eine Frage? Gerne steht dir unser Team telefonisch und per E-Mail zur Seite.<\/p>\n<p>Telefon: 0221 69 20 65 60<br \/>E-Mail: hier per Nachricht<\/p>\n<p>\u2022 H\u00e4ufig gestellte Fragen<\/p>\n<p>&gt;&gt; Auf den Fotos kann ich keine Gebrauchsspuren erkennen. Was bedeutet das?<br \/>Bei all unseren Produkten sind m\u00f6gliche Gebrauchsspuren eindeutig mit Detail-Fotos bebildert. Ist dies nicht der Fall, befindet sich der Artikel in einem sehr guten Zustand und weist keinerlei sichtbare M\u00e4ngel auf.<\/p>\n<p>Hast du weitere Fragen?<br \/>Unser<\/p>\n<\/div>\n","protected":false},"excerpt":{"rendered":"<p>Revive GmbH | Gebrauchte Designerm\u00f6bel \u2022 Aufbereitet \u2022 Nachhaltig \u2022 Sofort Verf\u00fcgbar Verf\u00fcgbar in: K\u00f6ln &#8211; L\u00f6venich Online bestellen: www.revive.de\/products\/29505-c5 Artikelnummer: #29505-c5 bordbar voyager neonblack FlugzeugtrolleyEin Trolley-De&#8230;<\/p>\n","protected":false},"featured_media":65853,"template":"","meta":[],"product_label":[],"product_brand":[],"product_cat":[15],"product_tag":[],"class_list":{"0":"post-53615","1":"product","2":"type-product","3":"status-publish","4":"has-post-thumbnail","6":"product_cat-unkategorisiert","8":"first","9":"instock","10":"shipping-taxable","11":"purchasable","12":"product-type-kleinanzeige"},"_links":{"self":[{"href":"https:\/\/homeday.webpremiere.de\/index.php\/wp-json\/wp\/v2\/product\/53615","targetHints":{"allow":["GET"]}}],"collection":[{"href":"https:\/\/homeday.webpremiere.de\/index.php\/wp-json\/wp\/v2\/product"}],"about":[{"href":"https:\/\/homeday.webpremiere.de\/index.php\/wp-json\/wp\/v2\/types\/product"}],"wp:featuredmedia":[{"embeddable":true,"href":"https:\/\/homeday.webpremiere.de\/index.php\/wp-json\/wp\/v2\/media\/65853"}],"wp:attachment":[{"href":"https:\/\/homeday.webpremiere.de\/index.php\/wp-json\/wp\/v2\/media?parent=53615"}],"wp:term":[{"taxonomy":"product_label","embeddable":true,"href":"https:\/\/homeday.webpremiere.de\/index.php\/wp-json\/wp\/v2\/product_label?post=53615"},{"taxonomy":"product_brand","embeddable":true,"href":"https:\/\/homeday.webpremiere.de\/index.php\/wp-json\/wp\/v2\/product_brand?post=53615"},{"taxonomy":"product_cat","embeddable":true,"href":"https:\/\/homeday.webpremiere.de\/index.php\/wp-json\/wp\/v2\/product_cat?post=53615"},{"taxonomy":"product_tag","embeddable":true,"href":"https:\/\/homeday.webpremiere.de\/index.php\/wp-json\/wp\/v2\/product_tag?post=53615"}],"curies":[{"name":"wp","href":"https:\/\/api.w.org\/{rel}","templated":true}]}}