{"id":53617,"date":"2026-03-30T00:00:00","date_gmt":"2026-03-29T22:00:00","guid":{"rendered":"https:\/\/homeday.webpremiere.de\/index.php\/produkt\/produkt\/"},"modified":"2026-04-22T00:07:54","modified_gmt":"2026-04-21T22:07:54","slug":"wittmann-aura-stoff-sessel-gruen-mint-neubezug-silber-%e2%9c%a8","status":"publish","type":"product","link":"https:\/\/homeday.webpremiere.de\/index.php\/produkt\/wittmann-aura-stoff-sessel-gruen-mint-neubezug-silber-%e2%9c%a8\/","title":{"rendered":"Wittmann Aura Stoff Sessel Gr\u00fcn Mint Neubezug Silber \u2728"},"content":{"rendered":"<div>\n<p id=\"viewad-description-text\" class=\"ad-keydetails--ad-description\">Revive GmbH | Gebrauchte Designerm\u00f6bel \u2022 Professionell aufbereitet \u2022 Nachhaltig \u2022 Authentisch<\/p>\n<p>Nur online verf\u00fcgbar &#8211; Vorbestellung<br \/>Online bestellen: www.revive.de\/products\/29262-c5<br \/>Artikelnummer: #29262-c5<\/p>\n<p>Der Aura Sessel aus der \u00f6sterreichischen Traditionsmanufaktur Wittmann ist ein Paradebeispiel f\u00fcr erstklassiges Handwerk und eine Formsprache, die klassische Geborgenheit mit moderner Leichtigkeit verbindet. In dieser besonderen Ausf\u00fchrung wurde der Sessel hochwertig neu bezogen und erstrahlt nun in einem frischen, sanften Gr\u00fcn (Mint). Die flie\u00dfende, umschlie\u00dfende Linienf\u00fchrung der R\u00fccken- und Armlehnen bietet einen au\u00dfergew\u00f6hnlichen Sitzkomfort und macht den Aura zu einem idealen R\u00fcckzugsort zum Lesen oder Entspannen.Das Design wird durch die schlanken, schwarzen Beine mit silbernen Akzenten an den Abschl\u00fcssen elegant abgerundet, was dem Sessel eine schwebende Optik verleiht. Dank seiner kompakten Proportionen und der klaren \u00c4sthetik l\u00e4sst sich der Wittmann Aura sowohl als stilvoller Solit\u00e4r im Schlafzimmer als auch als erg\u00e4nzendes Highlight in einer modernen Wohnlandschaft perfekt integrieren. Mit diesem neu aufbereiteten Designst\u00fcck entscheiden Sie sich f\u00fcr langlebige Qualit\u00e4t und ein unverwechselbares Wohnambiente.<\/p>\n<p>\u2022 Ma\u00dfe<br \/>Breite: 81cm<br \/>H\u00f6he: 76cm<br \/>Tiefe: 71cm<br \/>Sitzh\u00f6he: 44cm<br \/>Lehnenh\u00f6he: 67cm<br \/>Sitztiefe: 47cm<br \/>Sitzbreite: 45cm<br \/>R\u00fcckenlehnenh\u00f6he: 38cm<\/p>\n<p>\u2022 Artikelinformationen<br \/>Hersteller: Wittmann<br \/>Modell: Aura<br \/>Designer: Paolo Piva<br \/>Farbe: Gr\u00fcn<br \/>Material: Stoff<br \/>Produktart: Sessel<br \/>Nichtraucher-Haushalt: Ja<\/p>\n<p>\u2022 Lieferung bis in&#8217;s Wohnzimmer (bundesweit)<br \/>99 EUR<\/p>\n<p>Die Lieferung erfolgt durch zwei unserer Mitarbeiter bis zum gew\u00fcnschten Platz (inkl. Verpackungsentsorgung).<br \/>Alle Artikel werden von uns auf ihre Qualit\u00e4t gepr\u00fcft und sorgf\u00e4ltig verpackt.<br \/>Wir informieren dich 1-3 Tage vorab \u00fcber den konkreten Liefertermin.<br \/>Du ben\u00f6tigst eine Lieferung ins Ausland? Komm gerne auf uns zu und wir machen dir ein Angebot.<\/p>\n<p>\u2022 \u00dcber Revive<br \/>Mit unserer professionellen Aufbereitung schenken wir gebrauchten Designerm\u00f6beln ein neues Leben.<br \/>Unsere Produkte sind gegen\u00fcber dem Neupreis bereits stark reduziert \u2013 so erh\u00e4ltst du hochwertige Produkte zu einem unschlagbaren Preis. Zus\u00e4tzlich spenden wir 10% unseres Gewinns an gemeinn\u00fctzige Zwecke.<\/p>\n<p>\u2022 Deine Vorteile im \u00dcberblick<br \/>&#8211; Mehr als 1000 sofort verf\u00fcgbare Designerm\u00f6bel<br \/>&#8211; Top Preise<br \/>&#8211; Nachhaltig<br \/>&#8211; 2-Mann-Lieferung ins Zimmer deiner Wahl<br \/>&#8211; Kostenlose Montage<br \/>&#8211; 30 Tage R\u00fcckgaberecht<br \/>&#8211; 1 Jahr Gew\u00e4hrleistung<\/p>\n<p>\u2022 Showroom<br \/>Revive GmbH<br \/>Ottostra\u00dfe 3<br \/>50859 K\u00f6ln &#8211; L\u00f6venich<br \/>Vorbestellung &#8211; Besichtigung eingeschr\u00e4nkt m\u00f6glich, bitte vorher melden<\/p>\n<p>\u2022 Kundenservice<br \/>Du hast eine Frage? Gerne steht dir unser Team telefonisch und per E-Mail zur Seite.<\/p>\n<p>Telefon: 0221 69 20 65 60<br \/>E-Mail: hier per Nachricht<\/p>\n<p>\u2022 H\u00e4ufig gestellte Fragen<\/p>\n<p>&gt;&gt; Auf den Fotos kann ich keine Gebrauchsspuren erkennen. Was bedeutet das?<br \/>Bei all unseren Produkten sind m\u00f6gliche Gebrauchsspuren eindeutig mit Detail-Fotos bebildert. Ist dies nicht der Fall, befindet sich der Artikel in einem sehr guten Zustand und weist keinerlei sichtbare M\u00e4ngel auf.<\/p>\n<p>&gt;&gt; Kann dieses Produkt besichtigt werden?<br \/>Bei diesem Produkt handelt es sich um eine Vorbestellung mit einer Lieferzeit von 8-12 Wochen.<br \/>Eine Besichtigung ist m\u00f6glich, sobald das Produkt bei uns im Lager angekommen und aufbereitet wurde.<br \/>Optional kannst du schon jetzt vorher einen pers\u00f6nlichen Termin zur Beratung auf revive.de\/products\/29262-c5 buchen.<br \/>Termine bieten wir sowohl vor Ort, als auch per Video an.<br \/>Wir gehen auf deine individuellen W\u00fcnsche ein und bieten dir eine pers\u00f6nliche Beratung.<\/p>\n<p>&gt;&gt; Ist der Preis verhandelbar?<br \/>Nein, denn unsere Produkte sind gegen\u00fcber dem Neupreis bereits stark reduziert \u2013 so erh\u00e4ltst du hochwertige Produkte zu einem unschlagbaren Preis.<br \/>M\u00f6gliche Gebrauchsspuren sind bereits mit einberechnet.<br \/>Alle unsere Preise werden von unseren Experten mit gro\u00dfer Sorgfalt gepr\u00fcft. Mittels Hersteller und Modell ist der Neupreis f\u00fcr dich jederzeit nachvollziehbar.<\/p>\n<p>Hast du weitere<\/p>\n<\/div>\n","protected":false},"excerpt":{"rendered":"<p>Revive GmbH | Gebrauchte Designerm\u00f6bel \u2022 Professionell aufbereitet \u2022 Nachhaltig \u2022 Authentisch Nur online verf\u00fcgbar &#8211; Vorbestellung Online bestellen: www.revive.de\/products\/29262-c5 Artikelnummer: #29262-c5 Der Aura Sessel aus der \u00f6sterreichische&#8230;<\/p>\n","protected":false},"featured_media":65869,"template":"","meta":[],"product_label":[],"product_brand":[],"product_cat":[15],"product_tag":[],"class_list":{"0":"post-53617","1":"product","2":"type-product","3":"status-publish","4":"has-post-thumbnail","6":"product_cat-unkategorisiert","8":"first","9":"instock","10":"shipping-taxable","11":"purchasable","12":"product-type-kleinanzeige"},"_links":{"self":[{"href":"https:\/\/homeday.webpremiere.de\/index.php\/wp-json\/wp\/v2\/product\/53617","targetHints":{"allow":["GET"]}}],"collection":[{"href":"https:\/\/homeday.webpremiere.de\/index.php\/wp-json\/wp\/v2\/product"}],"about":[{"href":"https:\/\/homeday.webpremiere.de\/index.php\/wp-json\/wp\/v2\/types\/product"}],"wp:featuredmedia":[{"embeddable":true,"href":"https:\/\/homeday.webpremiere.de\/index.php\/wp-json\/wp\/v2\/media\/65869"}],"wp:attachment":[{"href":"https:\/\/homeday.webpremiere.de\/index.php\/wp-json\/wp\/v2\/media?parent=53617"}],"wp:term":[{"taxonomy":"product_label","embeddable":true,"href":"https:\/\/homeday.webpremiere.de\/index.php\/wp-json\/wp\/v2\/product_label?post=53617"},{"taxonomy":"product_brand","embeddable":true,"href":"https:\/\/homeday.webpremiere.de\/index.php\/wp-json\/wp\/v2\/product_brand?post=53617"},{"taxonomy":"product_cat","embeddable":true,"href":"https:\/\/homeday.webpremiere.de\/index.php\/wp-json\/wp\/v2\/product_cat?post=53617"},{"taxonomy":"product_tag","embeddable":true,"href":"https:\/\/homeday.webpremiere.de\/index.php\/wp-json\/wp\/v2\/product_tag?post=53617"}],"curies":[{"name":"wp","href":"https:\/\/api.w.org\/{rel}","templated":true}]}}