{"id":54141,"date":"2026-03-28T00:00:00","date_gmt":"2026-03-27T23:00:00","guid":{"rendered":"https:\/\/homeday.webpremiere.de\/index.php\/produkt\/produkt\/"},"modified":"2026-04-22T00:15:34","modified_gmt":"2026-04-21T22:15:34","slug":"thonet-nr-207-r-holz-stuhl-esszimmer-braun-schwarz-kaffeehaus","status":"publish","type":"product","link":"https:\/\/homeday.webpremiere.de\/index.php\/produkt\/thonet-nr-207-r-holz-stuhl-esszimmer-braun-schwarz-kaffeehaus\/","title":{"rendered":"Thonet Nr. 207 R Holz Stuhl Esszimmer Braun Schwarz Kaffeehaus"},"content":{"rendered":"<div>\n<p id=\"viewad-description-text\" class=\"ad-keydetails--ad-description\">Revive | Gebrauchte Designerm\u00f6bel \u2022 Professionell aufbereitet \u2022 Nachhaltig \u2022 Sofort Verf\u00fcgbar<\/p>\n<p>Verf\u00fcgbar in: K\u00f6ln &#8211; L\u00f6venich<br \/>Online bestellen: www.revive.de\/products\/27817-c4<\/p>\n<p>Der Holzstzuhl Nr. 207 von Thonet ist ein echter Klassiker des Traditionsherstellers. Im Stil des bekannten Kaffeehaus-Stuhls ist dieser Bugholzstuhl aus dunkelbraunem Holz und einem Geflecht als Bezug f\u00fcr Sitzfl\u00e4che und R\u00fcckenlehne gefertigt. Bei Thonet gehen Handwerk und gelungenes Design Hand in Hand. Hochwertige Materialien und ein hohes Ma\u00df an Handarbeit garantieren Langlebigkeit.<\/p>\n<p>Aufbereitung von Thonet selbst!<br \/>Wir waren bei Thonet und haben diesen Stuhl reparieren lassen.<br \/>Die Sitzfl\u00e4che und der R\u00fccken wurden komplett erneuert und sind somit nagelneu.<br \/>Sitzfl\u00e4che nagelneu mit Kunststoffst\u00fctzgewebe, h\u00e4lt noch l\u00e4nger!<br \/>Der Stuhl wurde auf Herz und Nieren gepr\u00fcft und wartet darauf in deinem zu Hause zu stehen!<\/p>\n<p>\u2022 Ma\u00dfe<br \/>Breite: 47cm<br \/>H\u00f6he: 115cm<br \/>Tiefe: 56cm<br \/>Sitzh\u00f6he: 46cm<br \/>Lehnenh\u00f6he: \/cm<br \/>Sitztiefe: 42cm<br \/>Sitzbreite: 42cm<br \/>R\u00fcckenlehnenh\u00f6he: 73cm<\/p>\n<p>\u2022 Artikelinformationen<br \/>Hersteller: Thonet<br \/>Modell: Nr. 207 R<br \/>Designer: Michael Thonet<br \/>Farbe: Braun<br \/>Material: Holz<br \/>Produktart: Stuhl<\/p>\n<p>Artikelnummer: #27817-c4<\/p>\n<p>\u2022 Lieferung ins Zimmer deiner Wahl (bundesweit)<br \/>99\u20ac<\/p>\n<p>Die Lieferung erfolgt durch zwei unserer Mitarbeiter bis zum gew\u00fcnschten Platz (inkl. Verpackungsentsorgung).<br \/>Alle Artikel werden von uns auf ihre Qualit\u00e4t gepr\u00fcft und sorgf\u00e4ltig verpackt.<br \/>Wir informieren dich 1-3 Tage vorab \u00fcber den konkreten Liefertermin.<br \/>Du ben\u00f6tigst eine Lieferung ins Ausland? Komm gerne auf uns zu und wir machen dir ein Angebot.<\/p>\n<p>\u2022 \u00dcber Revive<br \/>Mit unserer professionellen Aufbereitung schenken wir gebrauchten Designerm\u00f6beln ein neues Leben.<br \/>Unsere Produkte sind gegen\u00fcber dem Neupreis bereits stark reduziert \u2013 so erh\u00e4ltst du hochwertige Produkte zu einem unschlagbaren Preis. Zus\u00e4tzlich spenden wir 10% unseres Gewinns an gemeinn\u00fctzige Zwecke.<\/p>\n<p>\u2022 Deine Vorteile im \u00dcberblick<br \/>&#8211; Mehr als 1000 sofort verf\u00fcgbare Designerm\u00f6bel<br \/>&#8211; unschlagbare Preise<br \/>&#8211; nachhaltig<br \/>&#8211; 2-Mann-Lieferung ins Zimmer deiner Wahl (bundesweit, au\u00dfer f\u00fcr Paketware)<br \/>&#8211; Kostenlose Montage (f\u00fcr M\u00f6bel)<br \/>&#8211; 30 Tage R\u00fcckgaberecht<br \/>&#8211; 1 Jahr Gew\u00e4hrleistung<\/p>\n<p>\u2022 Showroom<br \/>Revive GmbH<br \/>Ottostr. 3<br \/>50859 K\u00f6ln &#8211; L\u00f6venich<\/p>\n<p>\u2022 \u00d6ffnungszeiten<br \/>Mo-Do: 13-18 Uhr, Fr-Sa: 10-18 Uhr<\/p>\n<p>\u2022 Kundenservice<br \/>Du hast eine Frage? Gerne steht dir unser Kundenservice-Team telefonisch und per E-Mail zur Seite.<\/p>\n<p>Telefon: 0221 69 20 65 60<br \/>E-Mail: hier per Nachricht<\/p>\n<p>\u2022 H\u00e4ufig gestellte Fragen<\/p>\n<p>&gt;&gt; Auf den Fotos kann ich keine Gebrauchsspuren erkennen. Was bedeutet das?<br \/>Bei all unseren Produkten sind m\u00f6gliche Gebrauchsspuren eindeutig mit Detail-Fotos bebildert. Ist dies nicht der Fall, befindet sich der Artikel in einem sehr guten Zustand und weist keinerlei sichtbare M\u00e4ngel auf.<\/p>\n<p>&gt;&gt; K\u00f6nnen die Produkte besichtigt werden?<br \/>Ja, alle angebotenen Artikel haben wir vorr\u00e4tig, diese k\u00f6nnen gerne in unserem Showroom in K\u00f6ln-L\u00f6venich besichtigt werden.<br \/>Optional kannst du innerhalb unserer \u00d6ffnungszeiten (Mo-Do: 13-18 Uhr, Fr-Sa: 10-18 Uhr) einen pers\u00f6nlichen Termin auf revive.de\/products\/27817-c4 buchen.<\/p>\n<p>Alternativ bieten wir dir die M\u00f6glichkeit einer Online Videobesichtigung via WhatsApp.<br \/>Auf jeder Produktseite auf revive.de kannst du deinen Termin buchen.<br \/>Wir gehen auf deine individuellen W\u00fcnsche ein und bieten dir eine pers\u00f6nliche Beratung.<br \/>Die Produktseite f\u00fcr diese Anzeige findest du unter: revive.de\/products\/27817-c4<\/p>\n<p>&gt;&gt; Ist der Preis verhandelbar?<br \/>Nein, denn unsere Produkte sind gegen\u00fcber dem Neupreis bereits stark reduziert \u2013 so erh\u00e4ltst du hochwertige Produkte zu einem unschlagbaren Preis.<br \/>M\u00f6gliche Gebrauchsspuren sind bereits mit einberechnet.<br \/>Alle unsere Preise werden von unseren Experten mit gro\u00dfer Sorgfalt gepr\u00fcft. Mittels Hersteller und Modell ist der Neupreis f\u00fcr dich jederzeit nachvollziehbar.<\/p>\n<p>&gt;&gt; Kauft ihr auch an?<br \/>Ja, unter www.revive.de\/ankauf machen wir dir gerne ein unverbindliches Angebot.<br \/>Wir bitten um<\/p>\n<\/div>\n","protected":false},"excerpt":{"rendered":"<p>Revive | Gebrauchte Designerm\u00f6bel \u2022 Professionell aufbereitet \u2022 Nachhaltig \u2022 Sofort Verf\u00fcgbar Verf\u00fcgbar in: K\u00f6ln &#8211; L\u00f6venich Online bestellen: www.revive.de\/products\/27817-c4 Der Holzstzuhl Nr. 207 von Thonet ist ein echter Klassiker des Traditio&#8230;<\/p>\n","protected":false},"featured_media":67285,"template":"","meta":[],"product_label":[],"product_brand":[],"product_cat":[15],"product_tag":[],"class_list":{"0":"post-54141","1":"product","2":"type-product","3":"status-publish","4":"has-post-thumbnail","6":"product_cat-unkategorisiert","8":"first","9":"instock","10":"shipping-taxable","11":"purchasable","12":"product-type-kleinanzeige"},"_links":{"self":[{"href":"https:\/\/homeday.webpremiere.de\/index.php\/wp-json\/wp\/v2\/product\/54141","targetHints":{"allow":["GET"]}}],"collection":[{"href":"https:\/\/homeday.webpremiere.de\/index.php\/wp-json\/wp\/v2\/product"}],"about":[{"href":"https:\/\/homeday.webpremiere.de\/index.php\/wp-json\/wp\/v2\/types\/product"}],"wp:featuredmedia":[{"embeddable":true,"href":"https:\/\/homeday.webpremiere.de\/index.php\/wp-json\/wp\/v2\/media\/67285"}],"wp:attachment":[{"href":"https:\/\/homeday.webpremiere.de\/index.php\/wp-json\/wp\/v2\/media?parent=54141"}],"wp:term":[{"taxonomy":"product_label","embeddable":true,"href":"https:\/\/homeday.webpremiere.de\/index.php\/wp-json\/wp\/v2\/product_label?post=54141"},{"taxonomy":"product_brand","embeddable":true,"href":"https:\/\/homeday.webpremiere.de\/index.php\/wp-json\/wp\/v2\/product_brand?post=54141"},{"taxonomy":"product_cat","embeddable":true,"href":"https:\/\/homeday.webpremiere.de\/index.php\/wp-json\/wp\/v2\/product_cat?post=54141"},{"taxonomy":"product_tag","embeddable":true,"href":"https:\/\/homeday.webpremiere.de\/index.php\/wp-json\/wp\/v2\/product_tag?post=54141"}],"curies":[{"name":"wp","href":"https:\/\/api.w.org\/{rel}","templated":true}]}}