{"id":54213,"date":"2026-04-26T18:05:00","date_gmt":"2026-04-26T16:05:00","guid":{"rendered":"https:\/\/homeday.webpremiere.de\/index.php\/produkt\/produkt\/"},"modified":"2026-04-26T18:07:54","modified_gmt":"2026-04-26T16:07:54","slug":"contur-enna-stoff-ecksofa-beige-sofa-couch","status":"publish","type":"product","link":"https:\/\/homeday.webpremiere.de\/index.php\/produkt\/contur-enna-stoff-ecksofa-beige-sofa-couch\/","title":{"rendered":"Contur Enna Stoff Ecksofa Beige Sofa Couch"},"content":{"rendered":"<div>\n<p id=\"viewad-description-text\" class=\"ad-keydetails--ad-description\">Revive GmbH | Gebrauchte Designerm\u00f6bel \u2022 Aufbereitet \u2022 Nachhaltig \u2022 Sofort Verf\u00fcgbar<\/p>\n<p>Verf\u00fcgbar in: K\u00f6ln &#8211; L\u00f6venich<br \/>Online bestellen: www.revive.de\/products\/29946-c4<br \/>Artikelnummer: #29946-c4<\/p>\n<p>Das Contur Enna Ecksofa ist die ideale Wahl f\u00fcr ein modernes, freundliches Zuhause, in dem Design und Gem\u00fctlichkeit Hand in Hand gehen. In einem dezenten Beige gehalten, strahlt der hochwertige Stoffbezug eine nat\u00fcrliche W\u00e4rme aus und l\u00e4sst sich m\u00fchelos in verschiedene Einrichtungsstile integrieren. Die klare, kubische Formsprache wird durch die filigranen, schwarzen Metallf\u00fc\u00dfe perfekt erg\u00e4nzt, die dem gro\u00dfz\u00fcgigen Ecksofa eine schwebende Leichtigkeit verleihen.Die durchdachte Linienf\u00fchrung und die weiche, aber formstabile Polsterung laden zu entspannten Stunden ein. Dank der gro\u00dfz\u00fcgigen Sitzfl\u00e4che und der angenehmen Haptik des Stoffes bietet das Modell Enna einen R\u00fcckzugsort mit h\u00f6chstem Wohlf\u00fchlfaktor. Die handwerkliche Pr\u00e4zision und die langlebige Materialqualit\u00e4t machen dieses Sofa zu einem zeitlosen Begleiter, der durch seine schlichte Eleganz \u00fcberzeugt. Mit dem Contur Enna entscheiden Sie sich f\u00fcr ein modernes M\u00f6belst\u00fcck, das \u00c4sthetik und erstklassigen Sitzkomfort auf harmonische Weise verbindet.<\/p>\n<p>\u2022 Ma\u00dfe<br \/>Breite: 253\/265&#215;233\/244cm<br \/>H\u00f6he: 84cm<br \/>Tiefe: 253\/265\/\/95cm<br \/>Sitzh\u00f6he: 44cm<br \/>Lehnenh\u00f6he: 57\/64cm<br \/>Sitztiefe: 53cm<br \/>Sitzbreite: 198x179cm<br \/>R\u00fcckenlehnenh\u00f6he: 43cm<\/p>\n<p>\u2022 Artikelinformationen<br \/>Hersteller: Contur<br \/>Modell: Enna<br \/>Designer:<br \/>Farbe: Beige<br \/>Material: Stoff<br \/>Produktart: Ecksofa<br \/>Nichtraucher-Haushalt: Ja<\/p>\n<p>\u2022 Lieferung bis in&#8217;s Wohnzimmer (bundesweit)<br \/>249 EUR<\/p>\n<p>Die Lieferung erfolgt durch zwei unserer Mitarbeiter bis zum gew\u00fcnschten Platz (inkl. Verpackungsentsorgung).<br \/>Alle Artikel werden von uns auf ihre Qualit\u00e4t gepr\u00fcft und sorgf\u00e4ltig verpackt.<br \/>Wir informieren dich 1-3 Tage vorab \u00fcber den konkreten Liefertermin.<br \/>Du ben\u00f6tigst eine Lieferung ins Ausland? Komm gerne auf uns zu und wir machen dir ein Angebot.<\/p>\n<p>\u2022 \u00dcber Revive<br \/>Mit unserer professionellen Aufbereitung schenken wir gebrauchten Designerm\u00f6beln ein neues Leben.<br \/>Unsere Produkte sind gegen\u00fcber dem Neupreis bereits stark reduziert \u2013 so erh\u00e4ltst du hochwertige Produkte zu einem unschlagbaren Preis. Zus\u00e4tzlich spenden wir 10% unseres Gewinns an gemeinn\u00fctzige Zwecke.<\/p>\n<p>\u2022 Deine Vorteile im \u00dcberblick<br \/>&#8211; Mehr als 1000 sofort verf\u00fcgbare Designerm\u00f6bel<br \/>&#8211; Top Preise<br \/>&#8211; Nachhaltig<br \/>&#8211; 2-Mann-Lieferung ins Zimmer deiner Wahl<br \/>&#8211; Kostenlose Montage<br \/>&#8211; 30 Tage R\u00fcckgaberecht<br \/>&#8211; 1 Jahr Gew\u00e4hrleistung<\/p>\n<p>\u2022 Showroom<br \/>Revive GmbH<br \/>Ottostr. 3<br \/>50859 K\u00f6ln &#8211; L\u00f6venich<br \/>Mo-Do: 13-18 Uhr, Fr-Sa: 10-18 Uhr<\/p>\n<p>\u2022 Kundenservice<br \/>Du hast eine Frage? Gerne steht dir unser Team telefonisch und per E-Mail zur Seite.<\/p>\n<p>Telefon: 0221 69 20 65 60<br \/>E-Mail: hier per Nachricht<\/p>\n<p>\u2022 H\u00e4ufig gestellte Fragen<\/p>\n<p>&gt;&gt; Auf den Fotos kann ich keine Gebrauchsspuren erkennen. Was bedeutet das?<br \/>Bei all unseren Produkten sind m\u00f6gliche Gebrauchsspuren eindeutig mit Detail-Fotos bebildert. Ist dies nicht der Fall, befindet sich der Artikel in einem sehr guten Zustand und weist keinerlei sichtbare M\u00e4ngel auf.<\/p>\n<p>&gt;&gt; K\u00f6nnen die Produkte besichtigt werden?<br \/>Ja, alle angebotenen Artikel haben wir vorr\u00e4tig, diese k\u00f6nnen gerne in unserem Showroom in K\u00f6ln-L\u00f6venich besichtigt werden.<br \/>Optional kannst du innerhalb unserer \u00d6ffnungszeiten (Mo-Do: 13-18 Uhr, Fr-Sa: 10-18 Uhr) einen pers\u00f6nlichen Termin auf revive.de\/products\/29946-c4 buchen.<\/p>\n<p>Alternativ bieten wir dir die M\u00f6glichkeit einer Online Videobesichtigung via WhatsApp.<br \/>Auf jeder Produktseite auf revive.de kannst du deinen Termin buchen.<br \/>Wir gehen auf deine individuellen W\u00fcnsche ein und bieten dir eine pers\u00f6nliche Beratung.<br \/>Die Produktseite f\u00fcr diese Anzeige findest du unter: revive.de\/products\/29946-c4<\/p>\n<p>&gt;&gt; Ist der Preis verhandelbar?<br \/>Nein, denn unsere Produkte sind gegen\u00fcber dem Neupreis bereits stark reduziert \u2013 so erh\u00e4ltst du hochwertige Produkte zu einem unschlagbaren Preis.<br \/>M\u00f6gliche Gebrauchsspuren sind bereits mit einberechnet.<br \/>Alle unsere Preise werden von unseren Experten mit gro\u00dfer Sorgfalt gepr\u00fcft. Mittels Hersteller<\/p>\n<\/div>\n","protected":false},"excerpt":{"rendered":"<p>Revive GmbH | Gebrauchte Designerm\u00f6bel \u2022 Aufbereitet \u2022 Nachhaltig \u2022 Sofort Verf\u00fcgbar Verf\u00fcgbar in: K\u00f6ln &#8211; L\u00f6venich Online bestellen: www.revive.de\/products\/29946-c4 Artikelnummer: #29946-c4 Das Contur Enna Ecksofa ist die ideale Wahl f\u00fcr ein mod&#8230;<\/p>\n","protected":false},"featured_media":67612,"template":"","meta":[],"product_label":[],"product_brand":[],"product_cat":[15],"product_tag":[],"class_list":{"0":"post-54213","1":"product","2":"type-product","3":"status-publish","4":"has-post-thumbnail","6":"product_cat-unkategorisiert","8":"first","9":"instock","10":"shipping-taxable","11":"purchasable","12":"product-type-kleinanzeige"},"_links":{"self":[{"href":"https:\/\/homeday.webpremiere.de\/index.php\/wp-json\/wp\/v2\/product\/54213","targetHints":{"allow":["GET"]}}],"collection":[{"href":"https:\/\/homeday.webpremiere.de\/index.php\/wp-json\/wp\/v2\/product"}],"about":[{"href":"https:\/\/homeday.webpremiere.de\/index.php\/wp-json\/wp\/v2\/types\/product"}],"wp:featuredmedia":[{"embeddable":true,"href":"https:\/\/homeday.webpremiere.de\/index.php\/wp-json\/wp\/v2\/media\/67612"}],"wp:attachment":[{"href":"https:\/\/homeday.webpremiere.de\/index.php\/wp-json\/wp\/v2\/media?parent=54213"}],"wp:term":[{"taxonomy":"product_label","embeddable":true,"href":"https:\/\/homeday.webpremiere.de\/index.php\/wp-json\/wp\/v2\/product_label?post=54213"},{"taxonomy":"product_brand","embeddable":true,"href":"https:\/\/homeday.webpremiere.de\/index.php\/wp-json\/wp\/v2\/product_brand?post=54213"},{"taxonomy":"product_cat","embeddable":true,"href":"https:\/\/homeday.webpremiere.de\/index.php\/wp-json\/wp\/v2\/product_cat?post=54213"},{"taxonomy":"product_tag","embeddable":true,"href":"https:\/\/homeday.webpremiere.de\/index.php\/wp-json\/wp\/v2\/product_tag?post=54213"}],"curies":[{"name":"wp","href":"https:\/\/api.w.org\/{rel}","templated":true}]}}